{"id":245,"date":"2025-09-12T16:54:35","date_gmt":"2025-09-12T16:54:35","guid":{"rendered":"https:\/\/themagnetlady.4cimaslabdigital.mx\/?page_id=245"},"modified":"2026-02-19T17:35:32","modified_gmt":"2026-02-19T17:35:32","slug":"biomagnetismo","status":"publish","type":"page","link":"https:\/\/themagnetlady.net\/es\/biomagnetismo\/","title":{"rendered":"Biomagnetismo"},"content":{"rendered":"<div data-elementor-type=\"wp-page\" data-elementor-id=\"245\" class=\"elementor elementor-245\">\n\t\t\t\t<div class=\"elementor-element elementor-element-d4957de e-flex e-con-boxed e-con e-parent\" data-id=\"d4957de\" data-element_type=\"container\" data-e-type=\"container\">\n\t\t\t\t\t<div class=\"e-con-inner\">\n\t\t\t\t<div class=\"elementor-element elementor-element-7511803 elementor-widget elementor-widget-heading\" data-id=\"7511803\" data-element_type=\"widget\" data-e-type=\"widget\" data-widget_type=\"heading.default\">\n\t\t\t\t<div class=\"elementor-widget-container\">\n\t\t\t\t\t<h2 class=\"elementor-heading-title elementor-size-default\">Descubre un mundo donde la sanaci\u00f3n es posible<\/h2>\t\t\t\t<\/div>\n\t\t\t\t<\/div>\n\t\t<div class=\"elementor-element elementor-element-46146a5 e-con-full e-flex e-con e-child\" data-id=\"46146a5\" data-element_type=\"container\" data-e-type=\"container\">\n\t\t\t\t<div class=\"elementor-element elementor-element-51366d7 elementor-widget elementor-widget-image\" data-id=\"51366d7\" data-element_type=\"widget\" data-e-type=\"widget\" data-widget_type=\"image.default\">\n\t\t\t\t<div class=\"elementor-widget-container\">\n\t\t\t\t\t\t\t\t\t\t\t\t\t\t\t<img loading=\"lazy\" decoding=\"async\" width=\"1024\" height=\"682\" src=\"https:\/\/i0.wp.com\/themagnetlady.net\/wp-content\/uploads\/2025\/03\/gaya-3.jpg?fit=1024%2C682&amp;ssl=1\" class=\"attachment-large size-large wp-image-118\" alt=\"\" srcset=\"https:\/\/i0.wp.com\/themagnetlady.net\/wp-content\/uploads\/2025\/03\/gaya-3.jpg?w=1080&amp;ssl=1 1080w, https:\/\/i0.wp.com\/themagnetlady.net\/wp-content\/uploads\/2025\/03\/gaya-3.jpg?resize=300%2C200&amp;ssl=1 300w, https:\/\/i0.wp.com\/themagnetlady.net\/wp-content\/uploads\/2025\/03\/gaya-3.jpg?resize=1024%2C682&amp;ssl=1 1024w, https:\/\/i0.wp.com\/themagnetlady.net\/wp-content\/uploads\/2025\/03\/gaya-3.jpg?resize=768%2C511&amp;ssl=1 768w, https:\/\/i0.wp.com\/themagnetlady.net\/wp-content\/uploads\/2025\/03\/gaya-3.jpg?resize=600%2C399&amp;ssl=1 600w\" sizes=\"auto, (max-width: 1000px) 100vw, 1000px\" \/>\t\t\t\t\t\t\t\t\t\t\t\t\t\t\t<\/div>\n\t\t\t\t<\/div>\n\t\t<div class=\"elementor-element elementor-element-79c0958 e-con-full e-flex e-con e-child\" data-id=\"79c0958\" data-element_type=\"container\" data-e-type=\"container\">\n\t\t\t\t<div class=\"elementor-element elementor-element-c95a780 elementor-widget elementor-widget-text-editor\" data-id=\"c95a780\" data-element_type=\"widget\" data-e-type=\"widget\" data-widget_type=\"text-editor.default\">\n\t\t\t\t<div class=\"elementor-widget-container\">\n\t\t\t\t\t\t\t\t\t<div id=\"comp-kgykrxaz\" class=\"Z_l5lU MMl86N zQ9jDz qvSjx3 Vq6kJx comp-kgykrxaz wixui-rich-text\" data-testid=\"richTextElement\"><h2 class=\"font_2 wixui-rich-text__text\"><span class=\"wixui-rich-text__text\"><span class=\"color_29 wixui-rich-text__text\"><span class=\"backcolor_21 wixui-rich-text__text\">Biomagnetismo<\/span><\/span><\/span><\/h2><\/div><div id=\"comp-kgykqwe7\" class=\"Z_l5lU ku3DBC zQ9jDz qvSjx3 Vq6kJx comp-kgykqwe7 wixui-rich-text\" data-testid=\"richTextElement\"><p class=\"font_8 wixui-rich-text__text\">Years ago, in a conversation with a close relative, they told me that another relative abroad was now lupus-free after undergoing Biomagnetism, also known as Biomagnetic Pair Therapy. Of course, I reacted in the only &#8220;sanity&#8221; way a person could and said, &#8220;Are you crazy? Lupus is incurable!&#8221; I distinctly remember rolling my eyes when I said that. Little did I know that I would repeat this story countless times, only to realize how wrong I was. My relative had suffered from lupus for over 20 years, but was discharged by their doctor because they no longer had this supposedly &#8220;incurable&#8221; disease. As if that weren&#8217;t remarkable enough, during the same conversation, this relative told me that they had undergone two Biomagnetism treatments and no longer had arthritis. At the time, I had debilitating tendinitis and hadn&#8217;t slept well for over a year due to the pain. So, I decided to find a Biomagnetism practitioner in my area. Two sessions later, my tendinitis was gone! I could sleep again since the pain was gone. As the months passed, I noticed I could tolerate dairy again. My lactose intolerance disappeared too! Since then, biomagnetism has been my go-to for maintaining optimal health.<\/p><\/div>\t\t\t\t\t\t\t\t<\/div>\n\t\t\t\t<\/div>\n\t\t\t\t<\/div>\n\t\t\t\t<\/div>\n\t\t<div class=\"elementor-element elementor-element-1fca06e e-con-full e-flex e-con e-child\" data-id=\"1fca06e\" data-element_type=\"container\" data-e-type=\"container\">\n\t\t\t\t<div class=\"elementor-element elementor-element-551766a elementor-widget elementor-widget-image\" data-id=\"551766a\" data-element_type=\"widget\" data-e-type=\"widget\" data-widget_type=\"image.default\">\n\t\t\t\t<div class=\"elementor-widget-container\">\n\t\t\t\t\t\t\t\t\t\t\t\t\t\t\t<img loading=\"lazy\" decoding=\"async\" width=\"300\" height=\"287\" src=\"https:\/\/themagnetlady.net\/wp-content\/uploads\/2025\/09\/NZ6_9777.avif\" class=\"attachment-medium size-medium wp-image-251\" alt=\"\" \/>\t\t\t\t\t\t\t\t\t\t\t\t\t\t\t<\/div>\n\t\t\t\t<\/div>\n\t\t\t\t<\/div>\n\t\t\t\t\t<\/div>\n\t\t\t\t<\/div>\n\t\t<div class=\"elementor-element elementor-element-879da70 elementor-hidden-desktop elementor-hidden-tablet elementor-hidden-mobile e-flex e-con-boxed e-con e-parent\" data-id=\"879da70\" data-element_type=\"container\" data-e-type=\"container\">\n\t\t\t\t\t<div class=\"e-con-inner\">\n\t\t<div class=\"elementor-element elementor-element-4be31be e-grid e-con-full e-con e-child\" data-id=\"4be31be\" data-element_type=\"container\" data-e-type=\"container\">\n\t\t\t\t<div class=\"elementor-element elementor-element-7b656d0 elementor-widget elementor-widget-text-editor\" data-id=\"7b656d0\" data-element_type=\"widget\" data-e-type=\"widget\" data-widget_type=\"text-editor.default\">\n\t\t\t\t<div class=\"elementor-widget-container\">\n\t\t\t\t\t\t\t\t\t<div id=\"comp-kgykrxaz\" class=\"Z_l5lU MMl86N zQ9jDz qvSjx3 Vq6kJx comp-kgykrxaz wixui-rich-text\" data-testid=\"richTextElement\"><h2 class=\"font_2 wixui-rich-text__text\"><span class=\"wixui-rich-text__text\"><span class=\"color_29 wixui-rich-text__text\"><span class=\"backcolor_21 wixui-rich-text__text\">BIOMAGNETISMO<\/span><\/span><\/span><\/h2><\/div><div id=\"comp-kgykqwe7\" class=\"Z_l5lU ku3DBC zQ9jDz qvSjx3 Vq6kJx comp-kgykqwe7 wixui-rich-text\" data-testid=\"richTextElement\"><p class=\"font_8 wixui-rich-text__text\"><span class=\"wixui-rich-text__text\"><span class=\"color_29 wixui-rich-text__text\">Hace a\u00f1os, en una conversaci\u00f3n con un familiar cercano, me inform\u00f3 que un ser querido en el extranjero ya no ten\u00eda Lupus despu\u00e9s de someterse al Biomagnetismo, tambi\u00e9n conocido como Par Biomagn\u00e9tico . Por supuesto, reaccion\u00e9 de la \u00fanica forma &#8220;cuerda&#8221; que una persona podr\u00eda y dije: &#8220;\u00a1\u00bfEst\u00e1s loco? \u00a1El lupus es incurable!&#8221; Recuerdo claramente poner los ojos en blanco cuando dije eso. Poco me imaginaba que repetir\u00eda esta historia innumerables veces d\u00e1ndome cuenta de lo equivocado que estaba. Mi familiar hab\u00eda sufrido de Lupus durante m\u00e1s de 15 a\u00f1os, pero fue dada de alta de la atenci\u00f3n de su m\u00e9dico porque ya no ten\u00eda esta enfermedad &#8220;incurable&#8221;. Como si eso no fuera lo suficientemente notable, el miembro de la familia que me present\u00f3 el Biomagnetismo se hab\u00eda sometido a dos tratamientos y ya no ten\u00eda artritis. En ese momento, ten\u00eda una tendinitis debilitante y no hab\u00eda descansado bien durante m\u00e1s de un a\u00f1o debido al dolor. As\u00ed que me sub\u00ed al carro de la banda y busqu\u00e9 a un practicante cerca de m\u00ed. \u00a1Dos sesiones despu\u00e9s, la tendinitis desapareci\u00f3! Pod\u00eda volver a dormir cuando el dolor se hab\u00eda ido. A medida que pasaban los meses, not\u00e9 que pod\u00eda volver a tolerar los l\u00e1cteos. \u00a1Mi intolerancia a la lactosa tambi\u00e9n desapareci\u00f3! Desde entonces, el biomagnetismo ha sido mi objetivo para mantener una salud \u00f3ptima.<\/span><\/span><\/p><\/div>\t\t\t\t\t\t\t\t<\/div>\n\t\t\t\t<\/div>\n\t\t\t\t<div class=\"elementor-element elementor-element-eede24d elementor-hidden-desktop elementor-hidden-tablet elementor-hidden-mobile elementor-widget elementor-widget-image\" data-id=\"eede24d\" data-element_type=\"widget\" data-e-type=\"widget\" data-widget_type=\"image.default\">\n\t\t\t\t<div class=\"elementor-widget-container\">\n\t\t\t\t\t\t\t\t\t\t\t\t\t\t\t<img loading=\"lazy\" decoding=\"async\" width=\"1024\" height=\"682\" src=\"https:\/\/i0.wp.com\/themagnetlady.net\/wp-content\/uploads\/2025\/03\/gaya-3.jpg?fit=1024%2C682&amp;ssl=1\" class=\"attachment-large size-large wp-image-118\" alt=\"\" srcset=\"https:\/\/i0.wp.com\/themagnetlady.net\/wp-content\/uploads\/2025\/03\/gaya-3.jpg?w=1080&amp;ssl=1 1080w, https:\/\/i0.wp.com\/themagnetlady.net\/wp-content\/uploads\/2025\/03\/gaya-3.jpg?resize=300%2C200&amp;ssl=1 300w, https:\/\/i0.wp.com\/themagnetlady.net\/wp-content\/uploads\/2025\/03\/gaya-3.jpg?resize=1024%2C682&amp;ssl=1 1024w, https:\/\/i0.wp.com\/themagnetlady.net\/wp-content\/uploads\/2025\/03\/gaya-3.jpg?resize=768%2C511&amp;ssl=1 768w, https:\/\/i0.wp.com\/themagnetlady.net\/wp-content\/uploads\/2025\/03\/gaya-3.jpg?resize=600%2C399&amp;ssl=1 600w\" sizes=\"auto, (max-width: 1000px) 100vw, 1000px\" \/>\t\t\t\t\t\t\t\t\t\t\t\t\t\t\t<\/div>\n\t\t\t\t<\/div>\n\t\t\t\t<\/div>\n\t\t\t\t\t<\/div>\n\t\t\t\t<\/div>\n\t\t<div class=\"elementor-element elementor-element-707589b elementor-hidden-desktop elementor-hidden-tablet elementor-hidden-mobile e-flex e-con-boxed e-con e-parent\" data-id=\"707589b\" data-element_type=\"container\" data-e-type=\"container\">\n\t\t\t\t\t<div class=\"e-con-inner\">\n\t\t<div class=\"elementor-element elementor-element-47fc42c e-grid e-con-full e-con e-child\" data-id=\"47fc42c\" data-element_type=\"container\" data-e-type=\"container\">\n\t\t\t\t<div class=\"elementor-element elementor-element-0144736 elementor-widget elementor-widget-image\" data-id=\"0144736\" data-element_type=\"widget\" data-e-type=\"widget\" data-widget_type=\"image.default\">\n\t\t\t\t<div class=\"elementor-widget-container\">\n\t\t\t\t\t\t\t\t\t\t\t\t\t\t\t<img loading=\"lazy\" decoding=\"async\" width=\"804\" height=\"770\" src=\"https:\/\/themagnetlady.net\/wp-content\/uploads\/2025\/09\/NZ6_9777.avif\" class=\"attachment-large size-large wp-image-251\" alt=\"\" \/>\t\t\t\t\t\t\t\t\t\t\t\t\t\t\t<\/div>\n\t\t\t\t<\/div>\n\t\t\t\t<div class=\"elementor-element elementor-element-3d3e768 elementor-widget elementor-widget-text-editor\" data-id=\"3d3e768\" data-element_type=\"widget\" data-e-type=\"widget\" data-widget_type=\"text-editor.default\">\n\t\t\t\t<div class=\"elementor-widget-container\">\n\t\t\t\t\t\t\t\t\t<p>Hace a\u00f1os, en una conversaci\u00f3n con un familiar cercano, me inform\u00f3 que un ser querido en el extranjero ya no ten\u00eda Lupus despu\u00e9s de someterse al Biomagnetismo, tambi\u00e9n conocido como Par Biomagn\u00e9tico . Por supuesto, reaccion\u00e9 de la \u00fanica forma &#8220;cuerda&#8221; que una persona podr\u00eda y dije: &#8220;\u00a1\u00bfEst\u00e1s loco? \u00a1El lupus es incurable!&#8221; Recuerdo claramente poner los ojos en blanco cuando dije eso. Poco me imaginaba que repetir\u00eda esta historia innumerables veces d\u00e1ndome cuenta de lo equivocado que estaba. Mi familiar hab\u00eda sufrido de Lupus durante m\u00e1s de 15 a\u00f1os, pero fue dada de alta de la atenci\u00f3n de su m\u00e9dico porque ya no ten\u00eda esta enfermedad &#8220;incurable&#8221;. Como si eso no fuera lo suficientemente notable, el miembro de la familia que me present\u00f3 el Biomagnetismo se hab\u00eda sometido a dos tratamientos y ya no ten\u00eda artritis. En ese momento, ten\u00eda una tendinitis debilitante y no hab\u00eda descansado bien durante m\u00e1s de un a\u00f1o debido al dolor. As\u00ed que me sub\u00ed al carro de la banda y busqu\u00e9 a un practicante cerca de m\u00ed. \u00a1Dos sesiones despu\u00e9s, la tendinitis desapareci\u00f3! Pod\u00eda volver a dormir cuando el dolor se hab\u00eda ido. A medida que pasaban los meses, not\u00e9 que pod\u00eda volver a tolerar los l\u00e1cteos. \u00a1Mi intolerancia a la lactosa tambi\u00e9n desapareci\u00f3! Desde entonces, el biomagnetismo ha sido mi objetivo para mantener una salud \u00f3ptima.<\/p>\t\t\t\t\t\t\t\t<\/div>\n\t\t\t\t<\/div>\n\t\t\t\t<\/div>\n\t\t\t\t\t<\/div>\n\t\t\t\t<\/div>\n\t\t<div class=\"elementor-element elementor-element-fb4932b e-flex e-con-boxed e-con e-parent\" data-id=\"fb4932b\" data-element_type=\"container\" data-e-type=\"container\">\n\t\t\t\t\t<div class=\"e-con-inner\">\n\t\t\t\t<div class=\"elementor-element elementor-element-fd07f1e elementor-widget elementor-widget-text-editor\" data-id=\"fd07f1e\" data-element_type=\"widget\" data-e-type=\"widget\" data-widget_type=\"text-editor.default\">\n\t\t\t\t<div class=\"elementor-widget-container\">\n\t\t\t\t\t\t\t\t\t<div id=\"comp-kgykv23c\" class=\"Z_l5lU MMl86N zQ9jDz qvSjx3 Vq6kJx comp-kgykv23c wixui-rich-text\" data-testid=\"richTextElement\"><h2 class=\"font_2 wixui-rich-text__text\" style=\"text-align: left;\"><span class=\"color_29 wixui-rich-text__text\"><span class=\"wixui-rich-text__text\">Recupera tu salud<\/span><\/span><\/h2><\/div><div id=\"comp-kgyktyp8\" class=\"Z_l5lU ku3DBC zQ9jDz qvSjx3 Vq6kJx comp-kgyktyp8 wixui-rich-text\" data-testid=\"richTextElement\"><p class=\"font_8 wixui-rich-text__text\">A biomagnetic session begins when the practitioner detects imbalances or congestion in any organ, gland, or bone due to germs, toxins, dysfunctions, or emotions. The session involves placing medium-sized magnets on strategic points of the body using specific polarities to balance the pH. Just as we cannot survive on the moon, germs cannot survive in a neutral pH. It&#8217;s that simple. The negative pole of the magnet reduces inflammation, oxygenates, and increases alkalinity. The positive pole of a magnet expands or increases acidity. The polarity of the magnet used is part of the discovery process that allows the body to release or clear germs, toxicities, blockages, imbalances, emotions, thought patterns, or behaviors. When the pH returns to its optimal state, the body heals itself, and the individual has the opportunity to enjoy life again, or even better than ever before. We invite you to experience this.<\/p><\/div>\t\t\t\t\t\t\t\t<\/div>\n\t\t\t\t<\/div>\n\t\t\t\t<div class=\"elementor-element elementor-element-cfe4aa5 elementor-widget elementor-widget-text-editor\" data-id=\"cfe4aa5\" data-element_type=\"widget\" data-e-type=\"widget\" data-widget_type=\"text-editor.default\">\n\t\t\t\t<div class=\"elementor-widget-container\">\n\t\t\t\t\t\t\t\t\t<p><strong>Dando Un Salto Cu\u00e1ntico<\/strong><\/p><p>Nos encontramos al borde de una nueva era\u2014una en la que reconocemos cada vez m\u00e1s que la intenci\u00f3n no es solo un pensamiento fugaz, sino una fuerza potente que viaja dentro de los campos cu\u00e1nticos a velocidades que superan incluso a la propia luz. La intenci\u00f3n es energ\u00eda\u2014forma parte del tejido de nuestros pensamientos, comportamientos, emociones y todos los aspectos de nuestra existencia. La mec\u00e1nica cu\u00e1ntica ahora sirve como puente entre la ciencia tal y como la conoc\u00edamos y el potencial ilimitado de la mente humana.<\/p><p><strong>Telebiomagnetismo: Sanaci\u00f3n M\u00e1s All\u00e1 de los L\u00edmites<\/strong><\/p><p>El Telebiomagnetismo redefine las posibilidades de la sanaci\u00f3n. Ya no limitada por la proximidad f\u00edsica, esta pr\u00e1ctica permite realizar una sesi\u00f3n biomagn\u00e9tica de forma remota, accediendo a campos cu\u00e1nticos para obtener resultados tan potentes como los tratamientos presenciales. Los clientes, ya est\u00e9n separados por ciudades o continentes, experimentan una profunda relajaci\u00f3n y un alivio r\u00e1pido, describiendo sensaciones de sue\u00f1o profundo, movimiento o hormigueo, y una r\u00e1pida reducci\u00f3n de los s\u00edntomas. El Telebiomagnetismo, realizado a trav\u00e9s de campos cu\u00e1nticos e intenci\u00f3n, elimina los impedimentos de la distancia, haciendo que la sanaci\u00f3n transformadora sea accesible para ti en cualquier lugar del mundo. Agenda tu sesi\u00f3n remota de Telebiomagnetismo hoy.<\/p>\t\t\t\t\t\t\t\t<\/div>\n\t\t\t\t<\/div>\n\t\t\t\t\t<\/div>\n\t\t\t\t<\/div>\n\t\t<div class=\"elementor-element elementor-element-c39b2e9 e-flex e-con-boxed e-con e-parent\" data-id=\"c39b2e9\" data-element_type=\"container\" data-e-type=\"container\">\n\t\t\t\t\t<div class=\"e-con-inner\">\n\t\t<div class=\"elementor-element elementor-element-145c86e e-con-full e-flex e-con e-child\" data-id=\"145c86e\" data-element_type=\"container\" data-e-type=\"container\">\n\t\t<div class=\"elementor-element elementor-element-3e390df e-con-full e-flex e-con e-child\" data-id=\"3e390df\" data-element_type=\"container\" data-e-type=\"container\">\n\t\t<div class=\"elementor-element elementor-element-b8ba122 e-grid e-con-full e-con e-child\" data-id=\"b8ba122\" data-element_type=\"container\" data-e-type=\"container\">\n\t\t\t\t<div class=\"elementor-element elementor-element-594c3ef elementor-align-justify elementor-widget elementor-widget-button\" data-id=\"594c3ef\" data-element_type=\"widget\" data-e-type=\"widget\" data-widget_type=\"button.default\">\n\t\t\t\t<div class=\"elementor-widget-container\">\n\t\t\t\t\t\t\t\t\t<div class=\"elementor-button-wrapper\">\n\t\t\t\t\t<a class=\"elementor-button elementor-button-link elementor-size-sm\" href=\"https:\/\/themagnetlady.net\/es\/reservaciones\/\">\n\t\t\t\t\t\t<span class=\"elementor-button-content-wrapper\">\n\t\t\t\t\t\t\t\t\t<span class=\"elementor-button-text\">Sesi\u00f3n para adultos<\/span>\n\t\t\t\t\t<\/span>\n\t\t\t\t\t<\/a>\n\t\t\t\t<\/div>\n\t\t\t\t\t\t\t\t<\/div>\n\t\t\t\t<\/div>\n\t\t\t\t<div class=\"elementor-element elementor-element-7d4ecc6 elementor-align-justify elementor-widget elementor-widget-button\" data-id=\"7d4ecc6\" data-element_type=\"widget\" data-e-type=\"widget\" data-widget_type=\"button.default\">\n\t\t\t\t<div class=\"elementor-widget-container\">\n\t\t\t\t\t\t\t\t\t<div class=\"elementor-button-wrapper\">\n\t\t\t\t\t<a class=\"elementor-button elementor-button-link elementor-size-sm\" href=\"https:\/\/themagnetlady.net\/es\/reservaciones\/\">\n\t\t\t\t\t\t<span class=\"elementor-button-content-wrapper\">\n\t\t\t\t\t\t\t\t\t<span class=\"elementor-button-text\">Sesi\u00f3n para ni\u00f1os<\/span>\n\t\t\t\t\t<\/span>\n\t\t\t\t\t<\/a>\n\t\t\t\t<\/div>\n\t\t\t\t\t\t\t\t<\/div>\n\t\t\t\t<\/div>\n\t\t\t\t<\/div>\n\t\t\t\t<\/div>\n\t\t\t\t<\/div>\n\t\t\t\t\t<\/div>\n\t\t\t\t<\/div>\n\t\t\t\t<\/div>","protected":false},"excerpt":{"rendered":"<p>Discover a world where healing is possible Biomagnetism Years ago, in a conversation with a close relative, they told me that another relative abroad was now lupus-free after undergoing Biomagnetism, also known as Biomagnetic Pair Therapy. Of course, I reacted in the only &#8220;sanity&#8221; way a person could and said, [&hellip;]<\/p>\n","protected":false},"author":2,"featured_media":0,"parent":0,"menu_order":0,"comment_status":"closed","ping_status":"closed","template":"template-page.php","meta":{"_acf_changed":false,"nf_dc_page":"","om_disable_all_campaigns":false,"pagelayer_contact_templates":[],"_pagelayer_content":"","footnotes":""},"class_list":["post-245","page","type-page","status-publish","hentry"],"acf":[],"yoast_head":"<!-- This site is optimized with the Yoast SEO plugin v27.5 - https:\/\/yoast.com\/product\/yoast-seo-wordpress\/ -->\n<title>Biomagnetismo - Biomagnetism | The magnet lady<\/title>\n<meta name=\"robots\" content=\"index, follow, max-snippet:-1, max-image-preview:large, max-video-preview:-1\" \/>\n<link rel=\"canonical\" href=\"https:\/\/themagnetlady.net\/es\/biomagnetismo\/\" \/>\n<meta property=\"og:locale\" content=\"es_MX\" \/>\n<meta property=\"og:type\" content=\"article\" \/>\n<meta property=\"og:title\" content=\"Biomagnetismo - Biomagnetism | The magnet lady\" \/>\n<meta property=\"og:description\" content=\"Discover a world where healing is possible Biomagnetism Years ago, in a conversation with a close relative, they told me that another relative abroad was now lupus-free after undergoing Biomagnetism, also known as Biomagnetic Pair Therapy. Of course, I reacted in the only &#8220;sanity&#8221; way a person could and said, [&hellip;]\" \/>\n<meta property=\"og:url\" content=\"https:\/\/themagnetlady.net\/es\/biomagnetismo\/\" \/>\n<meta property=\"og:site_name\" content=\"Biomagnetism | The magnet lady\" \/>\n<meta property=\"article:modified_time\" content=\"2026-02-19T17:35:32+00:00\" \/>\n<meta property=\"og:image\" content=\"https:\/\/themagnetlady.net\/wp-content\/uploads\/2025\/03\/gaya-3-1024x682.jpg\" \/>\n<meta name=\"twitter:card\" content=\"summary_large_image\" \/>\n<meta name=\"twitter:label1\" content=\"Tiempo de lectura\" \/>\n\t<meta name=\"twitter:data1\" content=\"6 minutos\" \/>\n<script type=\"application\/ld+json\" class=\"yoast-schema-graph\">{\"@context\":\"https:\\\/\\\/schema.org\",\"@graph\":[{\"@type\":\"WebPage\",\"@id\":\"https:\\\/\\\/themagnetlady.net\\\/biomagnetismo\\\/\",\"url\":\"https:\\\/\\\/themagnetlady.net\\\/biomagnetismo\\\/\",\"name\":\"Biomagnetismo - Biomagnetism | The magnet lady\",\"isPartOf\":{\"@id\":\"https:\\\/\\\/themagnetlady.net\\\/#website\"},\"primaryImageOfPage\":{\"@id\":\"https:\\\/\\\/themagnetlady.net\\\/biomagnetismo\\\/#primaryimage\"},\"image\":{\"@id\":\"https:\\\/\\\/themagnetlady.net\\\/biomagnetismo\\\/#primaryimage\"},\"thumbnailUrl\":\"https:\\\/\\\/themagnetlady.net\\\/wp-content\\\/uploads\\\/2025\\\/03\\\/gaya-3-1024x682.jpg\",\"datePublished\":\"2025-09-12T16:54:35+00:00\",\"dateModified\":\"2026-02-19T17:35:32+00:00\",\"breadcrumb\":{\"@id\":\"https:\\\/\\\/themagnetlady.net\\\/biomagnetismo\\\/#breadcrumb\"},\"inLanguage\":\"es\",\"potentialAction\":[{\"@type\":\"ReadAction\",\"target\":[\"https:\\\/\\\/themagnetlady.net\\\/biomagnetismo\\\/\"]}]},{\"@type\":\"ImageObject\",\"inLanguage\":\"es\",\"@id\":\"https:\\\/\\\/themagnetlady.net\\\/biomagnetismo\\\/#primaryimage\",\"url\":\"https:\\\/\\\/themagnetlady.net\\\/wp-content\\\/uploads\\\/2025\\\/03\\\/gaya-3-1024x682.jpg\",\"contentUrl\":\"https:\\\/\\\/themagnetlady.net\\\/wp-content\\\/uploads\\\/2025\\\/03\\\/gaya-3-1024x682.jpg\"},{\"@type\":\"BreadcrumbList\",\"@id\":\"https:\\\/\\\/themagnetlady.net\\\/biomagnetismo\\\/#breadcrumb\",\"itemListElement\":[{\"@type\":\"ListItem\",\"position\":1,\"name\":\"Home\",\"item\":\"https:\\\/\\\/themagnetlady.net\\\/\"},{\"@type\":\"ListItem\",\"position\":2,\"name\":\"Biomagnetismo\"}]},{\"@type\":\"WebSite\",\"@id\":\"https:\\\/\\\/themagnetlady.net\\\/#website\",\"url\":\"https:\\\/\\\/themagnetlady.net\\\/\",\"name\":\"Biomagnetism | The magnet lady\",\"description\":\"My WordPress Blog\",\"potentialAction\":[{\"@type\":\"SearchAction\",\"target\":{\"@type\":\"EntryPoint\",\"urlTemplate\":\"https:\\\/\\\/themagnetlady.net\\\/?s={search_term_string}\"},\"query-input\":{\"@type\":\"PropertyValueSpecification\",\"valueRequired\":true,\"valueName\":\"search_term_string\"}}],\"inLanguage\":\"es\"}]}<\/script>\n<!-- \/ Yoast SEO plugin. -->","yoast_head_json":{"title":"Biomagnetismo - Biomagnetism | The magnet lady","robots":{"index":"index","follow":"follow","max-snippet":"max-snippet:-1","max-image-preview":"max-image-preview:large","max-video-preview":"max-video-preview:-1"},"canonical":"https:\/\/themagnetlady.net\/es\/biomagnetismo\/","og_locale":"es_MX","og_type":"article","og_title":"Biomagnetismo - Biomagnetism | The magnet lady","og_description":"Discover a world where healing is possible Biomagnetism Years ago, in a conversation with a close relative, they told me that another relative abroad was now lupus-free after undergoing Biomagnetism, also known as Biomagnetic Pair Therapy. Of course, I reacted in the only &#8220;sanity&#8221; way a person could and said, [&hellip;]","og_url":"https:\/\/themagnetlady.net\/es\/biomagnetismo\/","og_site_name":"Biomagnetism | The magnet lady","article_modified_time":"2026-02-19T17:35:32+00:00","og_image":[{"url":"https:\/\/themagnetlady.net\/wp-content\/uploads\/2025\/03\/gaya-3-1024x682.jpg","type":"","width":"","height":""}],"twitter_card":"summary_large_image","twitter_misc":{"Tiempo de lectura":"6 minutos"},"schema":{"@context":"https:\/\/schema.org","@graph":[{"@type":"WebPage","@id":"https:\/\/themagnetlady.net\/biomagnetismo\/","url":"https:\/\/themagnetlady.net\/biomagnetismo\/","name":"Biomagnetismo - Biomagnetism | The magnet lady","isPartOf":{"@id":"https:\/\/themagnetlady.net\/#website"},"primaryImageOfPage":{"@id":"https:\/\/themagnetlady.net\/biomagnetismo\/#primaryimage"},"image":{"@id":"https:\/\/themagnetlady.net\/biomagnetismo\/#primaryimage"},"thumbnailUrl":"https:\/\/themagnetlady.net\/wp-content\/uploads\/2025\/03\/gaya-3-1024x682.jpg","datePublished":"2025-09-12T16:54:35+00:00","dateModified":"2026-02-19T17:35:32+00:00","breadcrumb":{"@id":"https:\/\/themagnetlady.net\/biomagnetismo\/#breadcrumb"},"inLanguage":"es","potentialAction":[{"@type":"ReadAction","target":["https:\/\/themagnetlady.net\/biomagnetismo\/"]}]},{"@type":"ImageObject","inLanguage":"es","@id":"https:\/\/themagnetlady.net\/biomagnetismo\/#primaryimage","url":"https:\/\/themagnetlady.net\/wp-content\/uploads\/2025\/03\/gaya-3-1024x682.jpg","contentUrl":"https:\/\/themagnetlady.net\/wp-content\/uploads\/2025\/03\/gaya-3-1024x682.jpg"},{"@type":"BreadcrumbList","@id":"https:\/\/themagnetlady.net\/biomagnetismo\/#breadcrumb","itemListElement":[{"@type":"ListItem","position":1,"name":"Home","item":"https:\/\/themagnetlady.net\/"},{"@type":"ListItem","position":2,"name":"Biomagnetismo"}]},{"@type":"WebSite","@id":"https:\/\/themagnetlady.net\/#website","url":"https:\/\/themagnetlady.net\/","name":"Biomagnetism | The magnet lady","description":"My WordPress Blog","potentialAction":[{"@type":"SearchAction","target":{"@type":"EntryPoint","urlTemplate":"https:\/\/themagnetlady.net\/?s={search_term_string}"},"query-input":{"@type":"PropertyValueSpecification","valueRequired":true,"valueName":"search_term_string"}}],"inLanguage":"es"}]}},"jetpack_sharing_enabled":true,"_links":{"self":[{"href":"https:\/\/themagnetlady.net\/es\/wp-json\/wp\/v2\/pages\/245","targetHints":{"allow":["GET"]}}],"collection":[{"href":"https:\/\/themagnetlady.net\/es\/wp-json\/wp\/v2\/pages"}],"about":[{"href":"https:\/\/themagnetlady.net\/es\/wp-json\/wp\/v2\/types\/page"}],"author":[{"embeddable":true,"href":"https:\/\/themagnetlady.net\/es\/wp-json\/wp\/v2\/users\/2"}],"replies":[{"embeddable":true,"href":"https:\/\/themagnetlady.net\/es\/wp-json\/wp\/v2\/comments?post=245"}],"version-history":[{"count":5,"href":"https:\/\/themagnetlady.net\/es\/wp-json\/wp\/v2\/pages\/245\/revisions"}],"predecessor-version":[{"id":1346,"href":"https:\/\/themagnetlady.net\/es\/wp-json\/wp\/v2\/pages\/245\/revisions\/1346"}],"wp:attachment":[{"href":"https:\/\/themagnetlady.net\/es\/wp-json\/wp\/v2\/media?parent=245"}],"curies":[{"name":"wp","href":"https:\/\/api.w.org\/{rel}","templated":true}]}}