{"id":259,"date":"2025-09-12T17:22:55","date_gmt":"2025-09-12T17:22:55","guid":{"rendered":"https:\/\/themagnetlady.4cimaslabdigital.mx\/?page_id=259"},"modified":"2026-02-19T17:53:08","modified_gmt":"2026-02-19T17:53:08","slug":"decodificacion-emocional","status":"publish","type":"page","link":"https:\/\/themagnetlady.net\/es\/decodificacion-emocional\/","title":{"rendered":"Decodificaci\u00f3n emocional"},"content":{"rendered":"<div data-elementor-type=\"wp-page\" data-elementor-id=\"259\" class=\"elementor elementor-259\">\n\t\t\t\t<div class=\"elementor-element elementor-element-a7a164b e-flex e-con-boxed e-con e-parent\" data-id=\"a7a164b\" data-element_type=\"container\" data-e-type=\"container\">\n\t\t\t\t\t<div class=\"e-con-inner\">\n\t\t\t\t<div class=\"elementor-element elementor-element-7a191a0 elementor-widget elementor-widget-heading\" data-id=\"7a191a0\" data-element_type=\"widget\" data-e-type=\"widget\" data-widget_type=\"heading.default\">\n\t\t\t\t<div class=\"elementor-widget-container\">\n\t\t\t\t\t<h2 class=\"elementor-heading-title elementor-size-default\">Descubra sus Bloqueos Emocionales<\/h2>\t\t\t\t<\/div>\n\t\t\t\t<\/div>\n\t\t\t\t<div class=\"elementor-element elementor-element-68d1f2d elementor-widget elementor-widget-text-editor\" data-id=\"68d1f2d\" data-element_type=\"widget\" data-e-type=\"widget\" data-widget_type=\"text-editor.default\">\n\t\t\t\t<div class=\"elementor-widget-container\">\n\t\t\t\t\t\t\t\t\t<h4 style=\"text-align: center;\">Y C\u00d3MO AFECTAN SU VIDA Y SALUD<\/h4>\t\t\t\t\t\t\t\t<\/div>\n\t\t\t\t<\/div>\n\t\t\t\t\t<\/div>\n\t\t\t\t<\/div>\n\t\t<div class=\"elementor-element elementor-element-bea399f e-flex e-con-boxed e-con e-parent\" data-id=\"bea399f\" data-element_type=\"container\" data-e-type=\"container\">\n\t\t\t\t\t<div class=\"e-con-inner\">\n\t\t\t\t<div class=\"elementor-element elementor-element-ad09210 elementor-widget elementor-widget-image\" data-id=\"ad09210\" data-element_type=\"widget\" data-e-type=\"widget\" data-widget_type=\"image.default\">\n\t\t\t\t<div class=\"elementor-widget-container\">\n\t\t\t\t\t\t\t\t\t\t\t\t\t\t\t<img loading=\"lazy\" decoding=\"async\" width=\"1024\" height=\"630\" src=\"https:\/\/i0.wp.com\/themagnetlady.net\/wp-content\/uploads\/2025\/12\/decodificacion-emocional.jpg?fit=1024%2C630&amp;ssl=1\" class=\"attachment-large size-large wp-image-954\" alt=\"\" srcset=\"https:\/\/i0.wp.com\/themagnetlady.net\/wp-content\/uploads\/2025\/12\/decodificacion-emocional.jpg?w=2279&amp;ssl=1 2279w, https:\/\/i0.wp.com\/themagnetlady.net\/wp-content\/uploads\/2025\/12\/decodificacion-emocional.jpg?resize=300%2C185&amp;ssl=1 300w, https:\/\/i0.wp.com\/themagnetlady.net\/wp-content\/uploads\/2025\/12\/decodificacion-emocional.jpg?resize=1024%2C630&amp;ssl=1 1024w, https:\/\/i0.wp.com\/themagnetlady.net\/wp-content\/uploads\/2025\/12\/decodificacion-emocional.jpg?resize=768%2C473&amp;ssl=1 768w, https:\/\/i0.wp.com\/themagnetlady.net\/wp-content\/uploads\/2025\/12\/decodificacion-emocional.jpg?resize=1536%2C946&amp;ssl=1 1536w, https:\/\/i0.wp.com\/themagnetlady.net\/wp-content\/uploads\/2025\/12\/decodificacion-emocional.jpg?resize=2048%2C1261&amp;ssl=1 2048w, https:\/\/i0.wp.com\/themagnetlady.net\/wp-content\/uploads\/2025\/12\/decodificacion-emocional.jpg?resize=18%2C12&amp;ssl=1 18w, https:\/\/i0.wp.com\/themagnetlady.net\/wp-content\/uploads\/2025\/12\/decodificacion-emocional.jpg?resize=600%2C369&amp;ssl=1 600w\" sizes=\"auto, (max-width: 1000px) 100vw, 1000px\" \/>\t\t\t\t\t\t\t\t\t\t\t\t\t\t\t<\/div>\n\t\t\t\t<\/div>\n\t\t\t\t\t<\/div>\n\t\t\t\t<\/div>\n\t\t<div class=\"elementor-element elementor-element-caba81b e-flex e-con-boxed e-con e-parent\" data-id=\"caba81b\" data-element_type=\"container\" data-e-type=\"container\">\n\t\t\t\t\t<div class=\"e-con-inner\">\n\t\t\t\t<div class=\"elementor-element elementor-element-95904e7 elementor-widget elementor-widget-heading\" data-id=\"95904e7\" data-element_type=\"widget\" data-e-type=\"widget\" data-widget_type=\"heading.default\">\n\t\t\t\t<div class=\"elementor-widget-container\">\n\t\t\t\t\t<h3 class=\"elementor-heading-title elementor-size-default\">Introducci\u00f3n a la biodescodificaci\u00f3n emocional<\/h3>\t\t\t\t<\/div>\n\t\t\t\t<\/div>\n\t\t\t\t<div class=\"elementor-element elementor-element-31addb8 elementor-widget elementor-widget-text-editor\" data-id=\"31addb8\" data-element_type=\"widget\" data-e-type=\"widget\" data-widget_type=\"text-editor.default\">\n\t\t\t\t<div class=\"elementor-widget-container\">\n\t\t\t\t\t\t\t\t\t<section id=\"comp-lf8czuwd1\" class=\"Oqnisf comp-lf8czuwd1 wixui-section\" tabindex=\"-1\" data-block-level-container=\"ClassicSection\"><div class=\"\" data-mesh-id=\"comp-lf8czuwd1inlineContent\" data-testid=\"inline-content\"><div data-mesh-id=\"comp-lf8czuwd1inlineContent-gridContainer\" data-testid=\"mesh-container-content\"><div id=\"comp-kzcuxh31\" class=\"Z_l5lU ku3DBC zQ9jDz qvSjx3 Vq6kJx comp-kzcuxh31 wixui-rich-text\" data-testid=\"richTextElement\"><h3>\u00a0<\/h3><p>Your emotions influence your health and life circumstances. They develop from your life experiences, and those of your parents and ancestors, from personal, familial, and cultural karma, from what you understand and know, but much more so from what is stored in your subconscious. When you are born, you already come with memories imprinted in your DNA. That&#8217;s why you are unique. There is no one else like you!<\/p><p>Emotional Biodescoding allows you to access the space where you store these memories that affect your life. With Biodescoding, you can release them, freeing yourself from cyclical, toxic, painful, and invisible patterns. These are the memories that remain in your subconscious, which understands what lies behind the curtain when you ask yourself, &#8220;Why is this happening to me?&#8221;<\/p><p>En la Biodescodificacion Emocional se liberan emociones que nacen a ra\u00edz de un evento traum\u00e1tico o doloroso, patrones repetitivos como relaciones toxicas, enga\u00f1os, abandono, escases, sentirse castigado, mala suerte, falta de merecimiento o de auto amor, y mucho m\u00e1s. Si deseas una Biodescodificacion agenda una sesi\u00f3n presencial en Miami o en Sur Carolina.<\/p><\/div><\/div><\/div><\/section>\t\t\t\t\t\t\t\t<\/div>\n\t\t\t\t<\/div>\n\t\t\t\t\t<\/div>\n\t\t\t\t<\/div>\n\t\t<div class=\"elementor-element elementor-element-300dfff e-flex e-con-boxed e-con e-parent\" data-id=\"300dfff\" data-element_type=\"container\" data-e-type=\"container\">\n\t\t\t\t\t<div class=\"e-con-inner\">\n\t\t\t\t<div class=\"elementor-element elementor-element-441d654 elementor-align-center elementor-widget elementor-widget-button\" data-id=\"441d654\" data-element_type=\"widget\" data-e-type=\"widget\" data-widget_type=\"button.default\">\n\t\t\t\t<div class=\"elementor-widget-container\">\n\t\t\t\t\t\t\t\t\t<div class=\"elementor-button-wrapper\">\n\t\t\t\t\t<a class=\"elementor-button elementor-button-link elementor-size-sm\" href=\"https:\/\/themagnetlady.net\/es\/reservaciones\/\">\n\t\t\t\t\t\t<span class=\"elementor-button-content-wrapper\">\n\t\t\t\t\t\t\t\t\t<span class=\"elementor-button-text\">Reserva tu sesi\u00f3n<\/span>\n\t\t\t\t\t<\/span>\n\t\t\t\t\t<\/a>\n\t\t\t\t<\/div>\n\t\t\t\t\t\t\t\t<\/div>\n\t\t\t\t<\/div>\n\t\t\t\t\t<\/div>\n\t\t\t\t<\/div>\n\t\t<div class=\"elementor-element elementor-element-bd818ee e-flex e-con-boxed e-con e-parent\" data-id=\"bd818ee\" data-element_type=\"container\" data-e-type=\"container\">\n\t\t\t\t\t<div class=\"e-con-inner\">\n\t\t<div class=\"elementor-element elementor-element-d52991d e-con-full e-flex e-con e-child\" data-id=\"d52991d\" data-element_type=\"container\" data-e-type=\"container\">\n\t\t\t\t<div class=\"elementor-element elementor-element-df8b171 elementor-widget elementor-widget-text-editor\" data-id=\"df8b171\" data-element_type=\"widget\" data-e-type=\"widget\" data-widget_type=\"text-editor.default\">\n\t\t\t\t<div class=\"elementor-widget-container\">\n\t\t\t\t\t\t\t\t\t<p>Si necesitas una sesi\u00f3n remota, revisa la secci\u00f3n de Limpieza Cu\u00e1ntica <a href=\"https:\/\/themagnetlady.net\/es\/limpieza-cuantica\/\">aqu\u00ed<\/a>.<\/p>\t\t\t\t\t\t\t\t<\/div>\n\t\t\t\t<\/div>\n\t\t\t\t<\/div>\n\t\t\t\t<div class=\"elementor-element elementor-element-b19853c elementor-widget elementor-widget-heading\" data-id=\"b19853c\" data-element_type=\"widget\" data-e-type=\"widget\" data-widget_type=\"heading.default\">\n\t\t\t\t<div class=\"elementor-widget-container\">\n\t\t\t\t\t<h3 class=\"elementor-heading-title elementor-size-default\">Tus emociones crean tu realidad f\u00edsica<\/h3>\t\t\t\t<\/div>\n\t\t\t\t<\/div>\n\t\t\t\t<div class=\"elementor-element elementor-element-8f94128 elementor-widget elementor-widget-text-editor\" data-id=\"8f94128\" data-element_type=\"widget\" data-e-type=\"widget\" data-widget_type=\"text-editor.default\">\n\t\t\t\t<div class=\"elementor-widget-container\">\n\t\t\t\t\t\t\t\t\t<div id=\"comp-kzcuxh6y\" class=\"Z_l5lU MMl86N zQ9jDz qvSjx3 Vq6kJx comp-kzcuxh6y wixui-rich-text\" data-testid=\"richTextElement\"><p>Years ago, I developed a cancerous tumor in my left ovary. Since I already understood Biodescoding at that time, I knew my body was alerting me that I needed to heal the anger I felt toward a past partner. I had been deceiving myself for years, saying I had already forgiven him, but my body was revealing something different. Not only was I holding onto anger, but I was also angry with myself, and my body was telling me, \u201cStop deceiving yourself and heal once and for all, and hurry!\u201d And so it was. Without chemotherapy, radiation therapy, or immunotherapy, I healed the tumor and quickly overcame the cancer. It&#8217;s truly amazing what we can heal when we are aware of our body&#8217;s messages.<\/p><p>Our bodies are so wise that they always alert us to what we need to heal on an emotional level. Every condition or symptom is our body&#8217;s way of letting us know. It&#8217;s an intelligent language that always watches over us, communicating what we need to release in order to evolve. Emotions like sadness, anger, frustration, loneliness, grief, unforgiveness, guilt, etc., eventually make us sick. If we think that healing comes through pills or surgery, we still need to understand the formidable language of our bodies.<\/p><\/div>\t\t\t\t\t\t\t\t<\/div>\n\t\t\t\t<\/div>\n\t\t\t\t\t<\/div>\n\t\t\t\t<\/div>\n\t\t<div class=\"elementor-element elementor-element-c4107b0 e-flex e-con-boxed e-con e-parent\" data-id=\"c4107b0\" data-element_type=\"container\" data-e-type=\"container\">\n\t\t\t\t\t<div class=\"e-con-inner\">\n\t\t\t\t<div class=\"elementor-element elementor-element-52c2a6e elementor-align-center elementor-widget elementor-widget-button\" data-id=\"52c2a6e\" data-element_type=\"widget\" data-e-type=\"widget\" data-widget_type=\"button.default\">\n\t\t\t\t<div class=\"elementor-widget-container\">\n\t\t\t\t\t\t\t\t\t<div class=\"elementor-button-wrapper\">\n\t\t\t\t\t<a class=\"elementor-button elementor-button-link elementor-size-sm\" href=\"https:\/\/themagnetlady.net\/es\/reservaciones\/\">\n\t\t\t\t\t\t<span class=\"elementor-button-content-wrapper\">\n\t\t\t\t\t\t\t\t\t<span class=\"elementor-button-text\">reservar una sesi\u00f3n<\/span>\n\t\t\t\t\t<\/span>\n\t\t\t\t\t<\/a>\n\t\t\t\t<\/div>\n\t\t\t\t\t\t\t\t<\/div>\n\t\t\t\t<\/div>\n\t\t\t\t\t<\/div>\n\t\t\t\t<\/div>\n\t\t\t\t<\/div>","protected":false},"excerpt":{"rendered":"<p>Discover your Emotional Blocks AND HOW THEY AFFECT THEIR LIFE AND HEALTH Introduction to emotional biodescoding \u00a0 Your emotions influence your health and life circumstances. They develop from your life experiences, and those of your parents and ancestors, from personal, familial, and cultural karma, from what you understand and know, [&hellip;]<\/p>\n","protected":false},"author":2,"featured_media":0,"parent":0,"menu_order":0,"comment_status":"closed","ping_status":"closed","template":"template-page.php","meta":{"_acf_changed":false,"nf_dc_page":"","om_disable_all_campaigns":false,"pagelayer_contact_templates":[],"_pagelayer_content":"","footnotes":""},"class_list":["post-259","page","type-page","status-publish","hentry"],"acf":[],"yoast_head":"<!-- This site is optimized with the Yoast SEO plugin v27.5 - https:\/\/yoast.com\/product\/yoast-seo-wordpress\/ -->\n<title>Decodificaci\u00f3n emocional - Biomagnetism | The magnet lady<\/title>\n<meta name=\"robots\" content=\"index, follow, max-snippet:-1, max-image-preview:large, max-video-preview:-1\" \/>\n<link rel=\"canonical\" href=\"https:\/\/themagnetlady.net\/es\/decodificacion-emocional\/\" \/>\n<meta property=\"og:locale\" content=\"es_MX\" \/>\n<meta property=\"og:type\" content=\"article\" \/>\n<meta property=\"og:title\" content=\"Decodificaci\u00f3n emocional - Biomagnetism | The magnet lady\" \/>\n<meta property=\"og:description\" content=\"Discover your Emotional Blocks AND HOW THEY AFFECT THEIR LIFE AND HEALTH Introduction to emotional biodescoding \u00a0 Your emotions influence your health and life circumstances. They develop from your life experiences, and those of your parents and ancestors, from personal, familial, and cultural karma, from what you understand and know, [&hellip;]\" \/>\n<meta property=\"og:url\" content=\"https:\/\/themagnetlady.net\/es\/decodificacion-emocional\/\" \/>\n<meta property=\"og:site_name\" content=\"Biomagnetism | The magnet lady\" \/>\n<meta property=\"article:modified_time\" content=\"2026-02-19T17:53:08+00:00\" \/>\n<meta property=\"og:image\" content=\"https:\/\/themagnetlady.net\/wp-content\/uploads\/2025\/12\/decodificacion-emocional-1024x630.jpg\" \/>\n<meta name=\"twitter:card\" content=\"summary_large_image\" \/>\n<meta name=\"twitter:label1\" content=\"Tiempo de lectura\" \/>\n\t<meta name=\"twitter:data1\" content=\"3 minutos\" \/>\n<script type=\"application\/ld+json\" class=\"yoast-schema-graph\">{\"@context\":\"https:\\\/\\\/schema.org\",\"@graph\":[{\"@type\":\"WebPage\",\"@id\":\"https:\\\/\\\/themagnetlady.net\\\/decodificacion-emocional\\\/\",\"url\":\"https:\\\/\\\/themagnetlady.net\\\/decodificacion-emocional\\\/\",\"name\":\"Decodificaci\u00f3n emocional - Biomagnetism | The magnet lady\",\"isPartOf\":{\"@id\":\"https:\\\/\\\/themagnetlady.net\\\/#website\"},\"primaryImageOfPage\":{\"@id\":\"https:\\\/\\\/themagnetlady.net\\\/decodificacion-emocional\\\/#primaryimage\"},\"image\":{\"@id\":\"https:\\\/\\\/themagnetlady.net\\\/decodificacion-emocional\\\/#primaryimage\"},\"thumbnailUrl\":\"https:\\\/\\\/themagnetlady.net\\\/wp-content\\\/uploads\\\/2025\\\/12\\\/decodificacion-emocional-1024x630.jpg\",\"datePublished\":\"2025-09-12T17:22:55+00:00\",\"dateModified\":\"2026-02-19T17:53:08+00:00\",\"breadcrumb\":{\"@id\":\"https:\\\/\\\/themagnetlady.net\\\/decodificacion-emocional\\\/#breadcrumb\"},\"inLanguage\":\"es\",\"potentialAction\":[{\"@type\":\"ReadAction\",\"target\":[\"https:\\\/\\\/themagnetlady.net\\\/decodificacion-emocional\\\/\"]}]},{\"@type\":\"ImageObject\",\"inLanguage\":\"es\",\"@id\":\"https:\\\/\\\/themagnetlady.net\\\/decodificacion-emocional\\\/#primaryimage\",\"url\":\"https:\\\/\\\/themagnetlady.net\\\/wp-content\\\/uploads\\\/2025\\\/12\\\/decodificacion-emocional-1024x630.jpg\",\"contentUrl\":\"https:\\\/\\\/themagnetlady.net\\\/wp-content\\\/uploads\\\/2025\\\/12\\\/decodificacion-emocional-1024x630.jpg\"},{\"@type\":\"BreadcrumbList\",\"@id\":\"https:\\\/\\\/themagnetlady.net\\\/decodificacion-emocional\\\/#breadcrumb\",\"itemListElement\":[{\"@type\":\"ListItem\",\"position\":1,\"name\":\"Home\",\"item\":\"https:\\\/\\\/themagnetlady.net\\\/\"},{\"@type\":\"ListItem\",\"position\":2,\"name\":\"Decodificaci\u00f3n emocional\"}]},{\"@type\":\"WebSite\",\"@id\":\"https:\\\/\\\/themagnetlady.net\\\/#website\",\"url\":\"https:\\\/\\\/themagnetlady.net\\\/\",\"name\":\"Biomagnetism | The magnet lady\",\"description\":\"My WordPress Blog\",\"potentialAction\":[{\"@type\":\"SearchAction\",\"target\":{\"@type\":\"EntryPoint\",\"urlTemplate\":\"https:\\\/\\\/themagnetlady.net\\\/?s={search_term_string}\"},\"query-input\":{\"@type\":\"PropertyValueSpecification\",\"valueRequired\":true,\"valueName\":\"search_term_string\"}}],\"inLanguage\":\"es\"}]}<\/script>\n<!-- \/ Yoast SEO plugin. -->","yoast_head_json":{"title":"Decodificaci\u00f3n emocional - Biomagnetism | The magnet lady","robots":{"index":"index","follow":"follow","max-snippet":"max-snippet:-1","max-image-preview":"max-image-preview:large","max-video-preview":"max-video-preview:-1"},"canonical":"https:\/\/themagnetlady.net\/es\/decodificacion-emocional\/","og_locale":"es_MX","og_type":"article","og_title":"Decodificaci\u00f3n emocional - Biomagnetism | The magnet lady","og_description":"Discover your Emotional Blocks AND HOW THEY AFFECT THEIR LIFE AND HEALTH Introduction to emotional biodescoding \u00a0 Your emotions influence your health and life circumstances. They develop from your life experiences, and those of your parents and ancestors, from personal, familial, and cultural karma, from what you understand and know, [&hellip;]","og_url":"https:\/\/themagnetlady.net\/es\/decodificacion-emocional\/","og_site_name":"Biomagnetism | The magnet lady","article_modified_time":"2026-02-19T17:53:08+00:00","og_image":[{"url":"https:\/\/themagnetlady.net\/wp-content\/uploads\/2025\/12\/decodificacion-emocional-1024x630.jpg","type":"","width":"","height":""}],"twitter_card":"summary_large_image","twitter_misc":{"Tiempo de lectura":"3 minutos"},"schema":{"@context":"https:\/\/schema.org","@graph":[{"@type":"WebPage","@id":"https:\/\/themagnetlady.net\/decodificacion-emocional\/","url":"https:\/\/themagnetlady.net\/decodificacion-emocional\/","name":"Decodificaci\u00f3n emocional - Biomagnetism | The magnet lady","isPartOf":{"@id":"https:\/\/themagnetlady.net\/#website"},"primaryImageOfPage":{"@id":"https:\/\/themagnetlady.net\/decodificacion-emocional\/#primaryimage"},"image":{"@id":"https:\/\/themagnetlady.net\/decodificacion-emocional\/#primaryimage"},"thumbnailUrl":"https:\/\/themagnetlady.net\/wp-content\/uploads\/2025\/12\/decodificacion-emocional-1024x630.jpg","datePublished":"2025-09-12T17:22:55+00:00","dateModified":"2026-02-19T17:53:08+00:00","breadcrumb":{"@id":"https:\/\/themagnetlady.net\/decodificacion-emocional\/#breadcrumb"},"inLanguage":"es","potentialAction":[{"@type":"ReadAction","target":["https:\/\/themagnetlady.net\/decodificacion-emocional\/"]}]},{"@type":"ImageObject","inLanguage":"es","@id":"https:\/\/themagnetlady.net\/decodificacion-emocional\/#primaryimage","url":"https:\/\/themagnetlady.net\/wp-content\/uploads\/2025\/12\/decodificacion-emocional-1024x630.jpg","contentUrl":"https:\/\/themagnetlady.net\/wp-content\/uploads\/2025\/12\/decodificacion-emocional-1024x630.jpg"},{"@type":"BreadcrumbList","@id":"https:\/\/themagnetlady.net\/decodificacion-emocional\/#breadcrumb","itemListElement":[{"@type":"ListItem","position":1,"name":"Home","item":"https:\/\/themagnetlady.net\/"},{"@type":"ListItem","position":2,"name":"Decodificaci\u00f3n emocional"}]},{"@type":"WebSite","@id":"https:\/\/themagnetlady.net\/#website","url":"https:\/\/themagnetlady.net\/","name":"Biomagnetism | The magnet lady","description":"My WordPress Blog","potentialAction":[{"@type":"SearchAction","target":{"@type":"EntryPoint","urlTemplate":"https:\/\/themagnetlady.net\/?s={search_term_string}"},"query-input":{"@type":"PropertyValueSpecification","valueRequired":true,"valueName":"search_term_string"}}],"inLanguage":"es"}]}},"jetpack_sharing_enabled":true,"_links":{"self":[{"href":"https:\/\/themagnetlady.net\/es\/wp-json\/wp\/v2\/pages\/259","targetHints":{"allow":["GET"]}}],"collection":[{"href":"https:\/\/themagnetlady.net\/es\/wp-json\/wp\/v2\/pages"}],"about":[{"href":"https:\/\/themagnetlady.net\/es\/wp-json\/wp\/v2\/types\/page"}],"author":[{"embeddable":true,"href":"https:\/\/themagnetlady.net\/es\/wp-json\/wp\/v2\/users\/2"}],"replies":[{"embeddable":true,"href":"https:\/\/themagnetlady.net\/es\/wp-json\/wp\/v2\/comments?post=259"}],"version-history":[{"count":5,"href":"https:\/\/themagnetlady.net\/es\/wp-json\/wp\/v2\/pages\/259\/revisions"}],"predecessor-version":[{"id":1358,"href":"https:\/\/themagnetlady.net\/es\/wp-json\/wp\/v2\/pages\/259\/revisions\/1358"}],"wp:attachment":[{"href":"https:\/\/themagnetlady.net\/es\/wp-json\/wp\/v2\/media?parent=259"}],"curies":[{"name":"wp","href":"https:\/\/api.w.org\/{rel}","templated":true}]}}