{"id":269,"date":"2025-09-12T17:47:27","date_gmt":"2025-09-12T17:47:27","guid":{"rendered":"https:\/\/themagnetlady.4cimaslabdigital.mx\/?page_id=269"},"modified":"2026-02-19T17:57:32","modified_gmt":"2026-02-19T17:57:32","slug":"reiki","status":"publish","type":"page","link":"https:\/\/themagnetlady.net\/es\/reiki\/","title":{"rendered":"Reiki"},"content":{"rendered":"<div data-elementor-type=\"wp-page\" data-elementor-id=\"269\" class=\"elementor elementor-269\">\n\t\t\t\t<div class=\"elementor-element elementor-element-c770e4e e-flex e-con-boxed e-con e-parent\" data-id=\"c770e4e\" data-element_type=\"container\" data-e-type=\"container\">\n\t\t\t\t\t<div class=\"e-con-inner\">\n\t\t\t\t<div class=\"elementor-element elementor-element-1071bf3 elementor-widget elementor-widget-heading\" data-id=\"1071bf3\" data-element_type=\"widget\" data-e-type=\"widget\" data-widget_type=\"heading.default\">\n\t\t\t\t<div class=\"elementor-widget-container\">\n\t\t\t\t\t<h2 class=\"elementor-heading-title elementor-size-default\">Reiki<\/h2>\t\t\t\t<\/div>\n\t\t\t\t<\/div>\n\t\t\t\t\t<\/div>\n\t\t\t\t<\/div>\n\t\t<div class=\"elementor-element elementor-element-29c9cda e-flex e-con-boxed e-con e-parent\" data-id=\"29c9cda\" data-element_type=\"container\" data-e-type=\"container\" data-settings=\"{&quot;background_background&quot;:&quot;classic&quot;}\">\n\t\t\t\t\t<div class=\"e-con-inner\">\n\t\t\t\t\t<\/div>\n\t\t\t\t<\/div>\n\t\t<div class=\"elementor-element elementor-element-e49afae elementor-hidden-desktop elementor-hidden-tablet elementor-hidden-mobile e-flex e-con-boxed e-con e-parent\" data-id=\"e49afae\" data-element_type=\"container\" data-e-type=\"container\">\n\t\t\t\t\t<div class=\"e-con-inner\">\n\t\t\t\t<div class=\"elementor-element elementor-element-d93e697 elementor-widget elementor-widget-heading\" data-id=\"d93e697\" data-element_type=\"widget\" data-e-type=\"widget\" data-widget_type=\"heading.default\">\n\t\t\t\t<div class=\"elementor-widget-container\">\n\t\t\t\t\t<h3 class=\"elementor-heading-title elementor-size-default\">Reiki dorado<\/h3>\t\t\t\t<\/div>\n\t\t\t\t<\/div>\n\t\t\t\t<div class=\"elementor-element elementor-element-0c889f0 elementor-widget elementor-widget-text-editor\" data-id=\"0c889f0\" data-element_type=\"widget\" data-e-type=\"widget\" data-widget_type=\"text-editor.default\">\n\t\t\t\t<div class=\"elementor-widget-container\">\n\t\t\t\t\t\t\t\t\t<p class=\"font_8 wixui-rich-text__text\"><span class=\"wixui-rich-text__text\"><span class=\"color_29 wixui-rich-text__text\">Golden Reik es una forma de curaci\u00f3n antigua que canaliza la energ\u00eda de luz curativa dorada canalizada a trav\u00e9s de un Maestro de Reiki. Reiki ayuda a reducir la ansiedad, el insomnio, la depresi\u00f3n y equilibra los chakras y env\u00eda luz curativa a los puntos meridianos del cuerpo donde se encuentran gl\u00e1ndulas y \u00f3rganos clave. Esta energ\u00eda luminosa permite que el cuerpo entre en un estado superior de conciencia, elevando su frecuencia y creando un estado armonizado que permite que el coraz\u00f3n, la mente y el cuerpo se curen naturalmente. Reiki en japon\u00e9s proviene de las palabras Rei que significa &#8220;sabidur\u00eda de Dios o poder superior&#8221; y Ki que significa &#8220;energ\u00eda de fuerza vital&#8221;.<\/span><\/span><\/p><p class=\"font_8 wixui-rich-text__text\"><span class=\"wixui-rich-text__text\"><span class=\"color_29 wixui-rich-text__text\">Durante la sesi\u00f3n de Golden Reiki , experimenta la energ\u00eda de la luz curativa cuando el practicante de Reiki coloca sus manos cerca de los puntos meridianos. La energ\u00eda se canaliza a trav\u00e9s de las manos del practicante que a pesar de estar a cent\u00edmetros de distancia, transfieren la fuerza energ\u00e9tica que te lleva a sentir la transferencia de energ\u00eda. La dama Magnet ofrece Golden Reiki por Maestros de Reiki certificados a nivel nacional y capacitados en el linaje del fundador de Reiki, el Dr. Mikao Usui.<\/span><\/span><\/p>\t\t\t\t\t\t\t\t<\/div>\n\t\t\t\t<\/div>\n\t\t\t\t\t<\/div>\n\t\t\t\t<\/div>\n\t\t<div class=\"elementor-element elementor-element-97de428 elementor-hidden-desktop elementor-hidden-tablet elementor-hidden-mobile e-flex e-con-boxed e-con e-parent\" data-id=\"97de428\" data-element_type=\"container\" data-e-type=\"container\">\n\t\t\t\t\t<div class=\"e-con-inner\">\n\t\t\t\t<div class=\"elementor-element elementor-element-71e533b elementor-align-center elementor-widget elementor-widget-button\" data-id=\"71e533b\" data-element_type=\"widget\" data-e-type=\"widget\" data-widget_type=\"button.default\">\n\t\t\t\t<div class=\"elementor-widget-container\">\n\t\t\t\t\t\t\t\t\t<div class=\"elementor-button-wrapper\">\n\t\t\t\t\t<a class=\"elementor-button elementor-button-link elementor-size-sm\" href=\"#\">\n\t\t\t\t\t\t<span class=\"elementor-button-content-wrapper\">\n\t\t\t\t\t\t\t\t\t<span class=\"elementor-button-text\">Experimenta reiki dorado<\/span>\n\t\t\t\t\t<\/span>\n\t\t\t\t\t<\/a>\n\t\t\t\t<\/div>\n\t\t\t\t\t\t\t\t<\/div>\n\t\t\t\t<\/div>\n\t\t\t\t\t<\/div>\n\t\t\t\t<\/div>\n\t\t<div class=\"elementor-element elementor-element-4437ea0 elementor-hidden-desktop elementor-hidden-tablet elementor-hidden-mobile e-flex e-con-boxed e-con e-parent\" data-id=\"4437ea0\" data-element_type=\"container\" data-e-type=\"container\">\n\t\t\t\t\t<div class=\"e-con-inner\">\n\t\t\t\t<div class=\"elementor-element elementor-element-8bf7964 elementor-widget elementor-widget-heading\" data-id=\"8bf7964\" data-element_type=\"widget\" data-e-type=\"widget\" data-widget_type=\"heading.default\">\n\t\t\t\t<div class=\"elementor-widget-container\">\n\t\t\t\t\t<h3 class=\"elementor-heading-title elementor-size-default\">Reiki en hospitales<\/h3>\t\t\t\t<\/div>\n\t\t\t\t<\/div>\n\t\t\t\t<div class=\"elementor-element elementor-element-830af1f elementor-widget elementor-widget-text-editor\" data-id=\"830af1f\" data-element_type=\"widget\" data-e-type=\"widget\" data-widget_type=\"text-editor.default\">\n\t\t\t\t<div class=\"elementor-widget-container\">\n\t\t\t\t\t\t\t\t\t<p><span class=\"wixui-rich-text__text\">Desde los a\u00f1os 90, los hospitales de los Estados Unidos comenzaron a integrar la Terapia Reiki para ayudar a los pacientes a sanar. A pesar de la creencia popular, una amplia investigaci\u00f3n respalda los beneficios de esta pr\u00e1ctica de curaci\u00f3n energ\u00e9tica. Los terapeutas, incluidos enfermeros y m\u00e9dicos, que lo utilizan informan que el Reiki ayuda a los pacientes a sentirse tranquilos y a experimentar menos dolor, incluso en condiciones de dolor agudo y cr\u00f3nico. La evidencia demuestra que Reiki estimula el sistema inmunol\u00f3gico; mejora el sue\u00f1o, acelera la curaci\u00f3n, reduce el estr\u00e9s, reduce la necesidad de analg\u00e9sicos y no tiene efectos secundarios ni contraindicaciones (IARP). En\u00a0Johns Hopkins, el\u00a0Reiki se describe como un m\u00e9todo de transmisi\u00f3n de energ\u00eda vital universal para crear una relajaci\u00f3n profunda, acelerar la curaci\u00f3n, reducir el dolor y disminuir otros s\u00edntomas (Johns Hopkins).<br class=\"wixui-rich-text__text\" \/><br class=\"wixui-rich-text__text\" \/>M\u00faltiples estudios\u00a0han probado la\u00a0validez\u00a0, el valor y el impacto del Reiki dentro de los est\u00e1ndares hospitalarios. En<\/span>\u00a0<span class=\"wixui-rich-text__text\">Hartford Hospital, un estudio encontr\u00f3 que Reiki mejoraba la calidad del sue\u00f1o de los pacientes en un\u00a086%\u00a0, reduc\u00eda el dolor en un\u00a078%\u00a0, reduc\u00eda las n\u00e1useas en un 80% y la ansiedad en las mujeres embarazadas en un\u00a094%\u00a0. En Columbia Presbyterian Medical Center, un practicante de Reiki ayuda a un cirujano cardiotor\u00e1cico en la sala de operaciones. En pacientes card\u00edacos tratados con Reiki, no se inform\u00f3 depresi\u00f3n a pesar de que la depresi\u00f3n es un efecto secundario posoperatorio esperado en pacientes card\u00edacos. Los pacientes card\u00edacos tambi\u00e9n experimentaron dolor o debilidad en las piernas despu\u00e9s de los trasplantes de \u00f3rganos y cero casos de rechazo de \u00f3rganos cuando el Reiki se incorpor\u00f3 a la recuperaci\u00f3n.<\/span><\/p>\t\t\t\t\t\t\t\t<\/div>\n\t\t\t\t<\/div>\n\t\t\t\t\t<\/div>\n\t\t\t\t<\/div>\n\t\t<div class=\"elementor-element elementor-element-13c5895 elementor-hidden-desktop elementor-hidden-tablet elementor-hidden-mobile e-flex e-con-boxed e-con e-parent\" data-id=\"13c5895\" data-element_type=\"container\" data-e-type=\"container\">\n\t\t\t\t\t<div class=\"e-con-inner\">\n\t\t\t\t<div class=\"elementor-element elementor-element-aeadb97 elementor-widget elementor-widget-text-editor\" data-id=\"aeadb97\" data-element_type=\"widget\" data-e-type=\"widget\" data-widget_type=\"text-editor.default\">\n\t\t\t\t<div class=\"elementor-widget-container\">\n\t\t\t\t\t\t\t\t\t<h6><a href=\"https:\/\/www.hopkinsmedicine.org\/integrative_medicine_digestive_center\/services\/reiki.html\" target=\"_blank\" rel=\"noopener\"><br \/>https:\/\/www.hopkinsmedicine.org\/integrative_medicine_digestive_center\/services\/reiki.html<br \/><\/a><br \/><a href=\"https:\/\/www.reiki.org\/reikinews\/reiki_in_hospitals.html\" target=\"_blank\" rel=\"noopener\">https:\/\/www.reiki.org\/reikinews\/reiki_in_hospitals.html<\/a><\/h6>\t\t\t\t\t\t\t\t<\/div>\n\t\t\t\t<\/div>\n\t\t\t\t\t<\/div>\n\t\t\t\t<\/div>\n\t\t<div class=\"elementor-element elementor-element-53e4ff2 e-flex e-con-boxed e-con e-parent\" data-id=\"53e4ff2\" data-element_type=\"container\" data-e-type=\"container\">\n\t\t\t\t\t<div class=\"e-con-inner\">\n\t\t<div class=\"elementor-element elementor-element-4bd9ee7 e-con-full e-flex e-con e-child\" data-id=\"4bd9ee7\" data-element_type=\"container\" data-e-type=\"container\">\n\t\t\t\t<div class=\"elementor-element elementor-element-4f2f5d5 elementor-widget elementor-widget-text-editor\" data-id=\"4f2f5d5\" data-element_type=\"widget\" data-e-type=\"widget\" data-widget_type=\"text-editor.default\">\n\t\t\t\t<div class=\"elementor-widget-container\">\n\t\t\t\t\t\t\t\t\t<p>Many people think Reiki is a religious practice. It isn&#8217;t. It doesn&#8217;t require conversion. Reiki is simply the transfer of vital energy from the universe, using the Reiki practitioner as an antenna. In Japanese, Reiki comes from the words Rei, meaning &#8220;wisdom of God or higher power,&#8221; and Ki, meaning &#8220;life force energy.&#8221; The Reiki practitioner essentially delivers Reiki energy free of ego, with love, and from a state of grace and neutrality. Its effects are healing and transformative. Reiki, or vital energy, can be transferred to another human being, a space, a vehicle, a plant, animals, food\u2014to everything.<\/p><p>En Estados Unidos, el Reiki se practica en hospitales desde 1990\u2019s ya que se ha visto que en casos de dolor extremo, como durante un parto, en trasplantes, o en casos de c\u00e1ncer, los pacientes que reciben Reiki tienen mejores resultados y su recuperaci\u00f3n es m\u00e1s r\u00e1pida, sintiendo menos dolor y menos estr\u00e9s, reduciendo la necesidad de analg\u00e9sicos. Estos efectos han sido medidos a trav\u00e9s de estudios cient\u00edficos como en el Hospital de Hartford que encontr\u00f3 que Reiki mejoraba la calidad del sue\u00f1o, y reduc\u00eda dolor, n\u00e1useas, ansiedad y depresi\u00f3n en sus pacientes.<\/p><p>Reiki se potencializa cuando se aplican cristales o imanes, ya que estos expanden la energ\u00eda sanadora resultando en efectos a\u00fan mas ben\u00e9ficos. Cristales e imanes elevan la frecuencia Reiki y crean un estado m\u00e1s arm\u00f3nico. La sesi\u00f3n de Reiki se puede entregar de forma presencial o remota. Ambas formas tienen el mismo efecto y beneficio. Para reservar una sesi\u00f3n de Reiki visita\u00a0<\/p>\t\t\t\t\t\t\t\t<\/div>\n\t\t\t\t<\/div>\n\t\t\t\t<\/div>\n\t\t\t\t<div class=\"elementor-element elementor-element-b374ba0 elementor-align-center elementor-widget elementor-widget-button\" data-id=\"b374ba0\" data-element_type=\"widget\" data-e-type=\"widget\" data-widget_type=\"button.default\">\n\t\t\t\t<div class=\"elementor-widget-container\">\n\t\t\t\t\t\t\t\t\t<div class=\"elementor-button-wrapper\">\n\t\t\t\t\t<a class=\"elementor-button elementor-button-link elementor-size-sm\" href=\"\/es\/reservaciones\/\">\n\t\t\t\t\t\t<span class=\"elementor-button-content-wrapper\">\n\t\t\t\t\t\t\t\t\t<span class=\"elementor-button-text\">Reserva tu sesi\u00f3n<\/span>\n\t\t\t\t\t<\/span>\n\t\t\t\t\t<\/a>\n\t\t\t\t<\/div>\n\t\t\t\t\t\t\t\t<\/div>\n\t\t\t\t<\/div>\n\t\t\t\t\t<\/div>\n\t\t\t\t<\/div>\n\t\t\t\t<\/div>","protected":false},"excerpt":{"rendered":"<p>Reiki Reiki dorado Golden Reik es una forma de curaci\u00f3n antigua que canaliza la energ\u00eda de luz curativa dorada canalizada a trav\u00e9s de un Maestro de Reiki. Reiki ayuda a reducir la ansiedad, el insomnio, la depresi\u00f3n y equilibra los chakras y env\u00eda luz curativa a los puntos meridianos del [&hellip;]<\/p>\n","protected":false},"author":2,"featured_media":0,"parent":0,"menu_order":0,"comment_status":"closed","ping_status":"closed","template":"template-page.php","meta":{"_acf_changed":false,"nf_dc_page":"","om_disable_all_campaigns":false,"pagelayer_contact_templates":[],"_pagelayer_content":"","footnotes":""},"class_list":["post-269","page","type-page","status-publish","hentry"],"acf":[],"yoast_head":"<!-- This site is optimized with the Yoast SEO plugin v27.5 - https:\/\/yoast.com\/product\/yoast-seo-wordpress\/ -->\n<title>Reiki - Biomagnetism | The magnet lady<\/title>\n<meta name=\"robots\" content=\"index, follow, max-snippet:-1, max-image-preview:large, max-video-preview:-1\" \/>\n<link rel=\"canonical\" href=\"https:\/\/themagnetlady.net\/es\/reiki\/\" \/>\n<meta property=\"og:locale\" content=\"es_MX\" \/>\n<meta property=\"og:type\" content=\"article\" \/>\n<meta property=\"og:title\" content=\"Reiki - Biomagnetism | The magnet lady\" \/>\n<meta property=\"og:description\" content=\"Reiki Reiki dorado Golden Reik es una forma de curaci\u00f3n antigua que canaliza la energ\u00eda de luz curativa dorada canalizada a trav\u00e9s de un Maestro de Reiki. Reiki ayuda a reducir la ansiedad, el insomnio, la depresi\u00f3n y equilibra los chakras y env\u00eda luz curativa a los puntos meridianos del [&hellip;]\" \/>\n<meta property=\"og:url\" content=\"https:\/\/themagnetlady.net\/es\/reiki\/\" \/>\n<meta property=\"og:site_name\" content=\"Biomagnetism | The magnet lady\" \/>\n<meta property=\"article:modified_time\" content=\"2026-02-19T17:57:32+00:00\" \/>\n<meta name=\"twitter:card\" content=\"summary_large_image\" \/>\n<meta name=\"twitter:label1\" content=\"Tiempo de lectura\" \/>\n\t<meta name=\"twitter:data1\" content=\"4 minutos\" \/>\n<script type=\"application\/ld+json\" class=\"yoast-schema-graph\">{\"@context\":\"https:\\\/\\\/schema.org\",\"@graph\":[{\"@type\":\"WebPage\",\"@id\":\"https:\\\/\\\/themagnetlady.net\\\/reiki\\\/\",\"url\":\"https:\\\/\\\/themagnetlady.net\\\/reiki\\\/\",\"name\":\"Reiki - Biomagnetism | The magnet lady\",\"isPartOf\":{\"@id\":\"https:\\\/\\\/themagnetlady.net\\\/#website\"},\"datePublished\":\"2025-09-12T17:47:27+00:00\",\"dateModified\":\"2026-02-19T17:57:32+00:00\",\"breadcrumb\":{\"@id\":\"https:\\\/\\\/themagnetlady.net\\\/reiki\\\/#breadcrumb\"},\"inLanguage\":\"es\",\"potentialAction\":[{\"@type\":\"ReadAction\",\"target\":[\"https:\\\/\\\/themagnetlady.net\\\/reiki\\\/\"]}]},{\"@type\":\"BreadcrumbList\",\"@id\":\"https:\\\/\\\/themagnetlady.net\\\/reiki\\\/#breadcrumb\",\"itemListElement\":[{\"@type\":\"ListItem\",\"position\":1,\"name\":\"Home\",\"item\":\"https:\\\/\\\/themagnetlady.net\\\/\"},{\"@type\":\"ListItem\",\"position\":2,\"name\":\"Reiki\"}]},{\"@type\":\"WebSite\",\"@id\":\"https:\\\/\\\/themagnetlady.net\\\/#website\",\"url\":\"https:\\\/\\\/themagnetlady.net\\\/\",\"name\":\"Biomagnetism | The magnet lady\",\"description\":\"My WordPress Blog\",\"potentialAction\":[{\"@type\":\"SearchAction\",\"target\":{\"@type\":\"EntryPoint\",\"urlTemplate\":\"https:\\\/\\\/themagnetlady.net\\\/?s={search_term_string}\"},\"query-input\":{\"@type\":\"PropertyValueSpecification\",\"valueRequired\":true,\"valueName\":\"search_term_string\"}}],\"inLanguage\":\"es\"}]}<\/script>\n<!-- \/ Yoast SEO plugin. -->","yoast_head_json":{"title":"Reiki - Biomagnetism | The magnet lady","robots":{"index":"index","follow":"follow","max-snippet":"max-snippet:-1","max-image-preview":"max-image-preview:large","max-video-preview":"max-video-preview:-1"},"canonical":"https:\/\/themagnetlady.net\/es\/reiki\/","og_locale":"es_MX","og_type":"article","og_title":"Reiki - Biomagnetism | The magnet lady","og_description":"Reiki Reiki dorado Golden Reik es una forma de curaci\u00f3n antigua que canaliza la energ\u00eda de luz curativa dorada canalizada a trav\u00e9s de un Maestro de Reiki. Reiki ayuda a reducir la ansiedad, el insomnio, la depresi\u00f3n y equilibra los chakras y env\u00eda luz curativa a los puntos meridianos del [&hellip;]","og_url":"https:\/\/themagnetlady.net\/es\/reiki\/","og_site_name":"Biomagnetism | The magnet lady","article_modified_time":"2026-02-19T17:57:32+00:00","twitter_card":"summary_large_image","twitter_misc":{"Tiempo de lectura":"4 minutos"},"schema":{"@context":"https:\/\/schema.org","@graph":[{"@type":"WebPage","@id":"https:\/\/themagnetlady.net\/reiki\/","url":"https:\/\/themagnetlady.net\/reiki\/","name":"Reiki - Biomagnetism | The magnet lady","isPartOf":{"@id":"https:\/\/themagnetlady.net\/#website"},"datePublished":"2025-09-12T17:47:27+00:00","dateModified":"2026-02-19T17:57:32+00:00","breadcrumb":{"@id":"https:\/\/themagnetlady.net\/reiki\/#breadcrumb"},"inLanguage":"es","potentialAction":[{"@type":"ReadAction","target":["https:\/\/themagnetlady.net\/reiki\/"]}]},{"@type":"BreadcrumbList","@id":"https:\/\/themagnetlady.net\/reiki\/#breadcrumb","itemListElement":[{"@type":"ListItem","position":1,"name":"Home","item":"https:\/\/themagnetlady.net\/"},{"@type":"ListItem","position":2,"name":"Reiki"}]},{"@type":"WebSite","@id":"https:\/\/themagnetlady.net\/#website","url":"https:\/\/themagnetlady.net\/","name":"Biomagnetism | The magnet lady","description":"My WordPress Blog","potentialAction":[{"@type":"SearchAction","target":{"@type":"EntryPoint","urlTemplate":"https:\/\/themagnetlady.net\/?s={search_term_string}"},"query-input":{"@type":"PropertyValueSpecification","valueRequired":true,"valueName":"search_term_string"}}],"inLanguage":"es"}]}},"jetpack_sharing_enabled":true,"_links":{"self":[{"href":"https:\/\/themagnetlady.net\/es\/wp-json\/wp\/v2\/pages\/269","targetHints":{"allow":["GET"]}}],"collection":[{"href":"https:\/\/themagnetlady.net\/es\/wp-json\/wp\/v2\/pages"}],"about":[{"href":"https:\/\/themagnetlady.net\/es\/wp-json\/wp\/v2\/types\/page"}],"author":[{"embeddable":true,"href":"https:\/\/themagnetlady.net\/es\/wp-json\/wp\/v2\/users\/2"}],"replies":[{"embeddable":true,"href":"https:\/\/themagnetlady.net\/es\/wp-json\/wp\/v2\/comments?post=269"}],"version-history":[{"count":5,"href":"https:\/\/themagnetlady.net\/es\/wp-json\/wp\/v2\/pages\/269\/revisions"}],"predecessor-version":[{"id":1361,"href":"https:\/\/themagnetlady.net\/es\/wp-json\/wp\/v2\/pages\/269\/revisions\/1361"}],"wp:attachment":[{"href":"https:\/\/themagnetlady.net\/es\/wp-json\/wp\/v2\/media?parent=269"}],"curies":[{"name":"wp","href":"https:\/\/api.w.org\/{rel}","templated":true}]}}