{"id":28,"date":"2025-03-04T22:56:02","date_gmt":"2025-03-04T22:56:02","guid":{"rendered":"https:\/\/themagnetlady.4cimaslabdigital.mx\/?page_id=28"},"modified":"2026-04-24T16:43:44","modified_gmt":"2026-04-24T16:43:44","slug":"gaya","status":"publish","type":"page","link":"https:\/\/themagnetlady.net\/es\/gaya\/","title":{"rendered":"Gaya"},"content":{"rendered":"<div data-elementor-type=\"wp-page\" data-elementor-id=\"28\" class=\"elementor elementor-28\">\n\t\t\t\t<div class=\"elementor-element elementor-element-7c767589 e-flex e-con-boxed e-con e-parent\" data-id=\"7c767589\" data-element_type=\"container\" data-e-type=\"container\">\n\t\t\t\t\t<div class=\"e-con-inner\">\n\t\t<div class=\"elementor-element elementor-element-9a2fa46 e-con-full e-flex e-con e-child\" data-id=\"9a2fa46\" data-element_type=\"container\" data-e-type=\"container\">\n\t\t\t\t<div class=\"elementor-element elementor-element-fc69986 elementor-widget elementor-widget-heading\" data-id=\"fc69986\" data-element_type=\"widget\" data-e-type=\"widget\" data-widget_type=\"heading.default\">\n\t\t\t\t<div class=\"elementor-widget-container\">\n\t\t\t\t\t<h2 class=\"elementor-heading-title elementor-size-default\">Conoce a Gaya<\/h2>\t\t\t\t<\/div>\n\t\t\t\t<\/div>\n\t\t\t\t<\/div>\n\t\t<div class=\"elementor-element elementor-element-9141df2 e-con-full e-flex e-con e-child\" data-id=\"9141df2\" data-element_type=\"container\" data-e-type=\"container\">\n\t\t<div class=\"elementor-element elementor-element-6c9ec46 e-grid e-con-full e-con e-child\" data-id=\"6c9ec46\" data-element_type=\"container\" data-e-type=\"container\">\n\t\t\t\t<div class=\"elementor-element elementor-element-28fd811 elementor-widget elementor-widget-text-editor\" data-id=\"28fd811\" data-element_type=\"widget\" data-e-type=\"widget\" data-widget_type=\"text-editor.default\">\n\t\t\t\t<div class=\"elementor-widget-container\">\n\t\t\t\t\t\t\t\t\t<p><b data-olk-copy-source=\"MessageBody\">Gaya Stepanian, known by her clients as\u00a0<i>The Magnet Lady,\u00a0<\/i>is an international authority in Biomagnetism, a leading form of natural Earth medicine that uses therapeutic magnets to influence the body\u2019s electromagnetic field at a cellular level to restore balance, coherence, and health.<\/b>\u00a0Her work stands at the intersection of science, ancient wisdom, and quantum healing, offering a revolutionary framework for understanding why the body becomes ill and how it can return to its original state of wellness.<\/p>\n<p><span data-olk-copy-source=\"MessageBody\">Born into a lineage of humanitarians, parents, grandparents, and great\u2011grandparents, Gaya\u2019s mission to assist in healing others began early. She pursued a traditional academic path, earning a master\u2019s degree in Psychology and Education from Pepperdine University, completing doctoral coursework in International and Intercultural Education at Florida International University, training at the Johns Hopkins University School of Public Health, and completing a leadership program at the University of Miami.<\/span><\/p>\n<p>\u00a0<\/p>\t\t\t\t\t\t\t\t<\/div>\n\t\t\t\t<\/div>\n\t\t\t\t<div class=\"elementor-element elementor-element-eb08079 elementor-widget elementor-widget-image\" data-id=\"eb08079\" data-element_type=\"widget\" data-e-type=\"widget\" data-widget_type=\"image.default\">\n\t\t\t\t<div class=\"elementor-widget-container\">\n\t\t\t\t\t\t\t\t\t\t\t\t\t\t\t<img loading=\"lazy\" decoding=\"async\" width=\"1103\" height=\"1500\" src=\"https:\/\/i0.wp.com\/themagnetlady.net\/wp-content\/uploads\/2025\/10\/NZ6_9443.jpg?fit=1103%2C1500&amp;ssl=1\" class=\"attachment-full size-full wp-image-532\" alt=\"\" srcset=\"https:\/\/i0.wp.com\/themagnetlady.net\/wp-content\/uploads\/2025\/10\/NZ6_9443.jpg?w=1103&amp;ssl=1 1103w, https:\/\/i0.wp.com\/themagnetlady.net\/wp-content\/uploads\/2025\/10\/NZ6_9443.jpg?resize=221%2C300&amp;ssl=1 221w, https:\/\/i0.wp.com\/themagnetlady.net\/wp-content\/uploads\/2025\/10\/NZ6_9443.jpg?resize=753%2C1024&amp;ssl=1 753w, https:\/\/i0.wp.com\/themagnetlady.net\/wp-content\/uploads\/2025\/10\/NZ6_9443.jpg?resize=768%2C1044&amp;ssl=1 768w, https:\/\/i0.wp.com\/themagnetlady.net\/wp-content\/uploads\/2025\/10\/NZ6_9443.jpg?resize=600%2C816&amp;ssl=1 600w\" sizes=\"auto, (max-width: 1000px) 100vw, 1000px\" \/>\t\t\t\t\t\t\t\t\t\t\t\t\t\t\t<\/div>\n\t\t\t\t<\/div>\n\t\t\t\t<\/div>\n\t\t\t\t<\/div>\n\t\t\t\t<div class=\"elementor-element elementor-element-aceabd1 elementor-widget elementor-widget-text-editor\" data-id=\"aceabd1\" data-element_type=\"widget\" data-e-type=\"widget\" data-widget_type=\"text-editor.default\">\n\t\t\t\t<div class=\"elementor-widget-container\">\n\t\t\t\t\t\t\t\t\t<p><span data-olk-copy-source=\"MessageBody\">Before entering the world of Earth and Quantum Medicine, Gaya spent the first part of her career designing innovative mental and public health programs for vulnerable communities. Her work earned national recognition and she raised millions for critical causes. For a decade, she led a division within South Florida\u2019s largest public medical system, educating physicians, medical students, therapists, community leaders, foundations, police officers, firefighters, and international partners. As the executive director of a state-wide nonprofit organization, she met with members of Congress and Fortune 500 executives, and community leaders to advocate for health and education reform.<\/span><\/p>\n<p>These experiences gave her a front\u2011row seat to the strengths and profound limitations of Western medicine. In her book,\u00a0<i>Beyond the White Coat: A\u00a0Return to Earth&#8217;s Medicine<\/i>, she exposes these gaps and offers compelling natural options for restoring health.<\/p>\t\t\t\t\t\t\t\t<\/div>\n\t\t\t\t<\/div>\n\t\t\t\t<div class=\"elementor-element elementor-element-aea4e8b elementor-widget elementor-widget-heading\" data-id=\"aea4e8b\" data-element_type=\"widget\" data-e-type=\"widget\" data-widget_type=\"heading.default\">\n\t\t\t\t<div class=\"elementor-widget-container\">\n\t\t\t\t\t<h2 class=\"elementor-heading-title elementor-size-default\">A Turning Point: Discovering Biomagnetism<\/h2>\t\t\t\t<\/div>\n\t\t\t\t<\/div>\n\t\t\t\t<div class=\"elementor-element elementor-element-57b21572 elementor-widget elementor-widget-text-editor\" data-id=\"57b21572\" data-element_type=\"widget\" data-e-type=\"widget\" data-widget_type=\"text-editor.default\">\n\t\t\t\t<div class=\"elementor-widget-container\">\n\t\t\t\t\t\t\t\t\t<p><span data-olk-copy-source=\"MessageBody\">In 2010, Gaya encountered the groundbreaking field of Biomagnetism. Witnessing her aunt\u2019s rapid recovery from lupus and her sister\u2019s reversal of arthritis, she tried it herself. Within a few months her scholiosis, tendinitis\u00a0and lactose intolerance disappeared. These transformations pivoted her direction towards her life\u2019s mission.<\/span><\/p>\n<p><span data-olk-copy-source=\"MessageBody\">She went on to train with the world\u2019s leading biomagnetism instructors and investigators, including Dr. Isaac Goiz\u2011Dur\u00e1n, Dr. Jorge Mena, Dr. Jorge Tapia M\u00e1rquez, and Dr. Patricia Jim\u00e9nez, while applying her scientific background to push the field forward. Through thousands of clinical observations, she studied the behavior of germs, toxins, emotional patterns, and energetic imbalances, uncovering how the body communicates distress long before symptoms appear.<\/span><\/p>\n<p>This led her to develop a\u00a0<b>rapid and sustainable biomagnetism method<\/b>\u00a0that addresses the physical, emotional, mental, behavioral, and energetic root causes of illness. Her holistic approach integrates herbs, supplements, nutrition, hydration, and hygiene to restore the body\u2019s health and wellness.<\/p>\n<p>Training in Reiki, Pranic Healing, Reconnective Healing, Hypnosis and Regression Therapy, Light Ray Frequencies, Quantum Healing, and Akashic Cleansing led her to create\u00a0<b>Quantum Cleansing,\u00a0<\/b>a unique method that helps people release low\u2011vibration patterns, cycles, behaviors, thoughts, emotions,\u00a0 memories, and energies to raise their frequencies to and magnetically attract and create a life of love, integrity, harmony, success, abundance, joy, health, and purpose.<\/p>\n<p><!-- \/wp:paragraph --><!-- wp:heading {\"level\":1} --><!-- \/wp:paragraph --><\/p>\t\t\t\t\t\t\t\t<\/div>\n\t\t\t\t<\/div>\n\t\t<div class=\"elementor-element elementor-element-6a908a4 e-con-full e-flex e-con e-child\" data-id=\"6a908a4\" data-element_type=\"container\" data-e-type=\"container\">\n\t\t<div class=\"elementor-element elementor-element-e96f537 e-grid e-con-full e-con e-child\" data-id=\"e96f537\" data-element_type=\"container\" data-e-type=\"container\">\n\t\t\t\t<div class=\"elementor-element elementor-element-5333d24 elementor-widget elementor-widget-text-editor\" data-id=\"5333d24\" data-element_type=\"widget\" data-e-type=\"widget\" data-widget_type=\"text-editor.default\">\n\t\t\t\t<div class=\"elementor-widget-container\">\n\t\t\t\t\t\t\t\t\t<p><strong>A Global Practice<\/strong><\/p>\n<p><span data-olk-copy-source=\"MessageBody\">Gaya\u2019s work spans five continents. She has helped people regain their health across 29 countries, including Germany, Australia, Argentina, Spain, France, Greece, Switzerland, Turkey, Sweden, Brazil, Mexico, Canada, the United States, and many more. She offers remote consultations worldwide and sees patients in-person in Miami and South Carolina. She also leads international retreats and trainings in both English and Spanish.<\/span><\/p>\n<p><span data-olk-copy-source=\"MessageBody\">Of Armenian and Mexican descent, Gaya was born in California and has lived in Miami, Mexico, and the Carolinas. She currently resides in South Carolina, where she enjoys nature, hikes, art, dance, travel, writing, and her flock of chickens and roosters. Her greatest joy is spending time with her three wise and loving adult children.<\/span><\/p>\t\t\t\t\t\t\t\t<\/div>\n\t\t\t\t<\/div>\n\t\t\t\t<div class=\"elementor-element elementor-element-b5cab71 elementor-widget elementor-widget-image\" data-id=\"b5cab71\" data-element_type=\"widget\" data-e-type=\"widget\" data-widget_type=\"image.default\">\n\t\t\t\t<div class=\"elementor-widget-container\">\n\t\t\t\t\t\t\t\t\t\t\t\t\t\t\t<img loading=\"lazy\" decoding=\"async\" width=\"701\" height=\"1024\" src=\"https:\/\/i0.wp.com\/themagnetlady.net\/wp-content\/uploads\/2025\/10\/NZ6_9616.jpg?fit=701%2C1024&amp;ssl=1\" class=\"attachment-large size-large wp-image-536\" alt=\"\" srcset=\"https:\/\/i0.wp.com\/themagnetlady.net\/wp-content\/uploads\/2025\/10\/NZ6_9616.jpg?w=1027&amp;ssl=1 1027w, https:\/\/i0.wp.com\/themagnetlady.net\/wp-content\/uploads\/2025\/10\/NZ6_9616.jpg?resize=205%2C300&amp;ssl=1 205w, https:\/\/i0.wp.com\/themagnetlady.net\/wp-content\/uploads\/2025\/10\/NZ6_9616.jpg?resize=701%2C1024&amp;ssl=1 701w, https:\/\/i0.wp.com\/themagnetlady.net\/wp-content\/uploads\/2025\/10\/NZ6_9616.jpg?resize=768%2C1122&amp;ssl=1 768w, https:\/\/i0.wp.com\/themagnetlady.net\/wp-content\/uploads\/2025\/10\/NZ6_9616.jpg?resize=600%2C876&amp;ssl=1 600w\" sizes=\"auto, (max-width: 701px) 100vw, 701px\" \/>\t\t\t\t\t\t\t\t\t\t\t\t\t\t\t<\/div>\n\t\t\t\t<\/div>\n\t\t\t\t<\/div>\n\t\t\t\t<\/div>\n\t\t<div class=\"elementor-element elementor-element-cf2ef0f e-con-full e-flex e-con e-child\" data-id=\"cf2ef0f\" data-element_type=\"container\" data-e-type=\"container\">\n\t\t\t\t<div class=\"elementor-element elementor-element-6df87f9 elementor-widget elementor-widget-heading\" data-id=\"6df87f9\" data-element_type=\"widget\" data-e-type=\"widget\" data-widget_type=\"heading.default\">\n\t\t\t\t<div class=\"elementor-widget-container\">\n\t\t\t\t\t<h2 class=\"elementor-heading-title elementor-size-default\">Presidenta de IAAAM<\/h2>\t\t\t\t<\/div>\n\t\t\t\t<\/div>\n\t\t\t\t<div class=\"elementor-element elementor-element-f864cfb elementor-widget elementor-widget-text-editor\" data-id=\"f864cfb\" data-element_type=\"widget\" data-e-type=\"widget\" data-widget_type=\"text-editor.default\">\n\t\t\t\t<div class=\"elementor-widget-container\">\n\t\t\t\t\t\t\t\t\t<p>Since 2019, Gaya has served as president and co\u2011founder of the\u00a0<b>International Association of Alternative and Ancient Medicine (IAAAM)<\/b>, an humanitarian organization dedicated to elevating natural and ancient healing modalities worldwide. To learn more visit at <a href=\"http:\/\/www.iaaam.net\/\" target=\"_blank\" rel=\"noreferrer noopener\">www.iaaam.net<\/a><\/p>\n<p><!-- \/wp:paragraph --><!-- wp:paragraph --><\/p>\t\t\t\t\t\t\t\t<\/div>\n\t\t\t\t<\/div>\n\t\t\t\t<\/div>\n\t\t\t\t\t<\/div>\n\t\t\t\t<\/div>\n\t\t\t\t<\/div>","protected":false},"excerpt":{"rendered":"<p>Meet Gaya Gaya Stepanian, known by her clients as\u00a0The Magnet Lady,\u00a0is an international authority in Biomagnetism, a leading form of natural Earth medicine that uses therapeutic magnets to influence the body\u2019s electromagnetic field at a cellular level to restore balance, coherence, and health.\u00a0Her work stands at the intersection of science, [&hellip;]<\/p>\n","protected":false},"author":2,"featured_media":0,"parent":0,"menu_order":0,"comment_status":"closed","ping_status":"closed","template":"template-page.php","meta":{"_acf_changed":false,"nf_dc_page":"","om_disable_all_campaigns":false,"pagelayer_contact_templates":[],"_pagelayer_content":"","footnotes":""},"class_list":["post-28","page","type-page","status-publish","hentry"],"acf":[],"yoast_head":"<!-- This site is optimized with the Yoast SEO plugin v27.5 - https:\/\/yoast.com\/product\/yoast-seo-wordpress\/ -->\n<title>Gaya - Biomagnetism | The magnet lady<\/title>\n<meta name=\"robots\" content=\"index, follow, max-snippet:-1, max-image-preview:large, max-video-preview:-1\" \/>\n<link rel=\"canonical\" href=\"https:\/\/themagnetlady.net\/es\/gaya\/\" \/>\n<meta property=\"og:locale\" content=\"es_MX\" \/>\n<meta property=\"og:type\" content=\"article\" \/>\n<meta property=\"og:title\" content=\"Gaya - Biomagnetism | The magnet lady\" \/>\n<meta property=\"og:description\" content=\"Meet Gaya Gaya Stepanian, known by her clients as\u00a0The Magnet Lady,\u00a0is an international authority in Biomagnetism, a leading form of natural Earth medicine that uses therapeutic magnets to influence the body\u2019s electromagnetic field at a cellular level to restore balance, coherence, and health.\u00a0Her work stands at the intersection of science, [&hellip;]\" \/>\n<meta property=\"og:url\" content=\"https:\/\/themagnetlady.net\/es\/gaya\/\" \/>\n<meta property=\"og:site_name\" content=\"Biomagnetism | The magnet lady\" \/>\n<meta property=\"article:modified_time\" content=\"2026-04-24T16:43:44+00:00\" \/>\n<meta property=\"og:image\" content=\"https:\/\/themagnetlady.net\/wp-content\/uploads\/2025\/10\/NZ6_9443.jpg\" \/>\n<meta name=\"twitter:card\" content=\"summary_large_image\" \/>\n<meta name=\"twitter:label1\" content=\"Tiempo de lectura\" \/>\n\t<meta name=\"twitter:data1\" content=\"4 minutos\" \/>\n<script type=\"application\/ld+json\" class=\"yoast-schema-graph\">{\"@context\":\"https:\\\/\\\/schema.org\",\"@graph\":[{\"@type\":\"WebPage\",\"@id\":\"https:\\\/\\\/themagnetlady.net\\\/gaya\\\/\",\"url\":\"https:\\\/\\\/themagnetlady.net\\\/gaya\\\/\",\"name\":\"Gaya - Biomagnetism | The magnet lady\",\"isPartOf\":{\"@id\":\"https:\\\/\\\/themagnetlady.net\\\/#website\"},\"primaryImageOfPage\":{\"@id\":\"https:\\\/\\\/themagnetlady.net\\\/gaya\\\/#primaryimage\"},\"image\":{\"@id\":\"https:\\\/\\\/themagnetlady.net\\\/gaya\\\/#primaryimage\"},\"thumbnailUrl\":\"https:\\\/\\\/themagnetlady.net\\\/wp-content\\\/uploads\\\/2025\\\/10\\\/NZ6_9443.jpg\",\"datePublished\":\"2025-03-04T22:56:02+00:00\",\"dateModified\":\"2026-04-24T16:43:44+00:00\",\"breadcrumb\":{\"@id\":\"https:\\\/\\\/themagnetlady.net\\\/gaya\\\/#breadcrumb\"},\"inLanguage\":\"es\",\"potentialAction\":[{\"@type\":\"ReadAction\",\"target\":[\"https:\\\/\\\/themagnetlady.net\\\/gaya\\\/\"]}]},{\"@type\":\"ImageObject\",\"inLanguage\":\"es\",\"@id\":\"https:\\\/\\\/themagnetlady.net\\\/gaya\\\/#primaryimage\",\"url\":\"https:\\\/\\\/themagnetlady.net\\\/wp-content\\\/uploads\\\/2025\\\/10\\\/NZ6_9443.jpg\",\"contentUrl\":\"https:\\\/\\\/themagnetlady.net\\\/wp-content\\\/uploads\\\/2025\\\/10\\\/NZ6_9443.jpg\"},{\"@type\":\"BreadcrumbList\",\"@id\":\"https:\\\/\\\/themagnetlady.net\\\/gaya\\\/#breadcrumb\",\"itemListElement\":[{\"@type\":\"ListItem\",\"position\":1,\"name\":\"Home\",\"item\":\"https:\\\/\\\/themagnetlady.net\\\/\"},{\"@type\":\"ListItem\",\"position\":2,\"name\":\"Gaya\"}]},{\"@type\":\"WebSite\",\"@id\":\"https:\\\/\\\/themagnetlady.net\\\/#website\",\"url\":\"https:\\\/\\\/themagnetlady.net\\\/\",\"name\":\"Biomagnetism | The magnet lady\",\"description\":\"My WordPress Blog\",\"potentialAction\":[{\"@type\":\"SearchAction\",\"target\":{\"@type\":\"EntryPoint\",\"urlTemplate\":\"https:\\\/\\\/themagnetlady.net\\\/?s={search_term_string}\"},\"query-input\":{\"@type\":\"PropertyValueSpecification\",\"valueRequired\":true,\"valueName\":\"search_term_string\"}}],\"inLanguage\":\"es\"}]}<\/script>\n<!-- \/ Yoast SEO plugin. -->","yoast_head_json":{"title":"Gaya - Biomagnetism | The magnet lady","robots":{"index":"index","follow":"follow","max-snippet":"max-snippet:-1","max-image-preview":"max-image-preview:large","max-video-preview":"max-video-preview:-1"},"canonical":"https:\/\/themagnetlady.net\/es\/gaya\/","og_locale":"es_MX","og_type":"article","og_title":"Gaya - Biomagnetism | The magnet lady","og_description":"Meet Gaya Gaya Stepanian, known by her clients as\u00a0The Magnet Lady,\u00a0is an international authority in Biomagnetism, a leading form of natural Earth medicine that uses therapeutic magnets to influence the body\u2019s electromagnetic field at a cellular level to restore balance, coherence, and health.\u00a0Her work stands at the intersection of science, [&hellip;]","og_url":"https:\/\/themagnetlady.net\/es\/gaya\/","og_site_name":"Biomagnetism | The magnet lady","article_modified_time":"2026-04-24T16:43:44+00:00","og_image":[{"url":"https:\/\/themagnetlady.net\/wp-content\/uploads\/2025\/10\/NZ6_9443.jpg","type":"","width":"","height":""}],"twitter_card":"summary_large_image","twitter_misc":{"Tiempo de lectura":"4 minutos"},"schema":{"@context":"https:\/\/schema.org","@graph":[{"@type":"WebPage","@id":"https:\/\/themagnetlady.net\/gaya\/","url":"https:\/\/themagnetlady.net\/gaya\/","name":"Gaya - Biomagnetism | The magnet lady","isPartOf":{"@id":"https:\/\/themagnetlady.net\/#website"},"primaryImageOfPage":{"@id":"https:\/\/themagnetlady.net\/gaya\/#primaryimage"},"image":{"@id":"https:\/\/themagnetlady.net\/gaya\/#primaryimage"},"thumbnailUrl":"https:\/\/themagnetlady.net\/wp-content\/uploads\/2025\/10\/NZ6_9443.jpg","datePublished":"2025-03-04T22:56:02+00:00","dateModified":"2026-04-24T16:43:44+00:00","breadcrumb":{"@id":"https:\/\/themagnetlady.net\/gaya\/#breadcrumb"},"inLanguage":"es","potentialAction":[{"@type":"ReadAction","target":["https:\/\/themagnetlady.net\/gaya\/"]}]},{"@type":"ImageObject","inLanguage":"es","@id":"https:\/\/themagnetlady.net\/gaya\/#primaryimage","url":"https:\/\/themagnetlady.net\/wp-content\/uploads\/2025\/10\/NZ6_9443.jpg","contentUrl":"https:\/\/themagnetlady.net\/wp-content\/uploads\/2025\/10\/NZ6_9443.jpg"},{"@type":"BreadcrumbList","@id":"https:\/\/themagnetlady.net\/gaya\/#breadcrumb","itemListElement":[{"@type":"ListItem","position":1,"name":"Home","item":"https:\/\/themagnetlady.net\/"},{"@type":"ListItem","position":2,"name":"Gaya"}]},{"@type":"WebSite","@id":"https:\/\/themagnetlady.net\/#website","url":"https:\/\/themagnetlady.net\/","name":"Biomagnetism | The magnet lady","description":"My WordPress Blog","potentialAction":[{"@type":"SearchAction","target":{"@type":"EntryPoint","urlTemplate":"https:\/\/themagnetlady.net\/?s={search_term_string}"},"query-input":{"@type":"PropertyValueSpecification","valueRequired":true,"valueName":"search_term_string"}}],"inLanguage":"es"}]}},"jetpack_sharing_enabled":true,"_links":{"self":[{"href":"https:\/\/themagnetlady.net\/es\/wp-json\/wp\/v2\/pages\/28","targetHints":{"allow":["GET"]}}],"collection":[{"href":"https:\/\/themagnetlady.net\/es\/wp-json\/wp\/v2\/pages"}],"about":[{"href":"https:\/\/themagnetlady.net\/es\/wp-json\/wp\/v2\/types\/page"}],"author":[{"embeddable":true,"href":"https:\/\/themagnetlady.net\/es\/wp-json\/wp\/v2\/users\/2"}],"replies":[{"embeddable":true,"href":"https:\/\/themagnetlady.net\/es\/wp-json\/wp\/v2\/comments?post=28"}],"version-history":[{"count":5,"href":"https:\/\/themagnetlady.net\/es\/wp-json\/wp\/v2\/pages\/28\/revisions"}],"predecessor-version":[{"id":1538,"href":"https:\/\/themagnetlady.net\/es\/wp-json\/wp\/v2\/pages\/28\/revisions\/1538"}],"wp:attachment":[{"href":"https:\/\/themagnetlady.net\/es\/wp-json\/wp\/v2\/media?parent=28"}],"curies":[{"name":"wp","href":"https:\/\/api.w.org\/{rel}","templated":true}]}}