{"id":391,"date":"2025-09-15T23:33:04","date_gmt":"2025-09-15T23:33:04","guid":{"rendered":"https:\/\/themagnetlady.4cimaslabdigital.mx\/?page_id=391"},"modified":"2026-02-19T17:44:52","modified_gmt":"2026-02-19T17:44:52","slug":"limpieza-cuantica","status":"publish","type":"page","link":"https:\/\/themagnetlady.net\/es\/limpieza-cuantica\/","title":{"rendered":"Limpieza Cu\u00e1ntica"},"content":{"rendered":"<div data-elementor-type=\"wp-page\" data-elementor-id=\"391\" class=\"elementor elementor-391\">\n\t\t\t\t<div class=\"elementor-element elementor-element-2c860fc e-flex e-con-boxed e-con e-parent\" data-id=\"2c860fc\" data-element_type=\"container\" data-e-type=\"container\">\n\t\t\t\t\t<div class=\"e-con-inner\">\n\t\t\t\t<div class=\"elementor-element elementor-element-04a5a9a elementor-widget elementor-widget-heading\" data-id=\"04a5a9a\" data-element_type=\"widget\" data-e-type=\"widget\" data-widget_type=\"heading.default\">\n\t\t\t\t<div class=\"elementor-widget-container\">\n\t\t\t\t\t<h2 class=\"elementor-heading-title elementor-size-default\">Limpieza Cu\u00e1ntica<\/h2>\t\t\t\t<\/div>\n\t\t\t\t<\/div>\n\t\t\t\t\t<\/div>\n\t\t\t\t<\/div>\n\t\t<div class=\"elementor-element elementor-element-988b98e e-flex e-con-boxed e-con e-parent\" data-id=\"988b98e\" data-element_type=\"container\" data-e-type=\"container\">\n\t\t\t\t\t<div class=\"e-con-inner\">\n\t\t<div class=\"elementor-element elementor-element-72d7e44 e-grid e-con-full e-con e-child\" data-id=\"72d7e44\" data-element_type=\"container\" data-e-type=\"container\">\n\t\t\t\t<div class=\"elementor-element elementor-element-414cde3 elementor-widget elementor-widget-image\" data-id=\"414cde3\" data-element_type=\"widget\" data-e-type=\"widget\" data-widget_type=\"image.default\">\n\t\t\t\t<div class=\"elementor-widget-container\">\n\t\t\t\t\t\t\t\t\t\t\t\t\t\t\t<img loading=\"lazy\" decoding=\"async\" width=\"785\" height=\"1024\" src=\"https:\/\/themagnetlady.net\/wp-content\/uploads\/2025\/09\/NZ6_9693.avif\" class=\"attachment-large size-large wp-image-396\" alt=\"\" \/>\t\t\t\t\t\t\t\t\t\t\t\t\t\t\t<\/div>\n\t\t\t\t<\/div>\n\t\t\t\t<div class=\"elementor-element elementor-element-4c09603 elementor-widget elementor-widget-text-editor\" data-id=\"4c09603\" data-element_type=\"widget\" data-e-type=\"widget\" data-widget_type=\"text-editor.default\">\n\t\t\t\t<div class=\"elementor-widget-container\">\n\t\t\t\t\t\t\t\t\t<p>Nos encontramos en un momento hist\u00f3rico en el que la humanidad intenta comprender la Mec\u00e1nica y los Campos Cu\u00e1nticos. Hemos comenzado a comprender que la intenci\u00f3n viaja dentro de un Campo Cu\u00e1ntico a una velocidad tres veces superior a la de la luz. La intenci\u00f3n transporta energ\u00eda, al igual que todos nuestros pensamientos, comportamientos y emociones, al igual que todo lo que existe.<\/p><p>La Mec\u00e1nica Cu\u00e1ntica es un puente entre la ciencia y la energ\u00eda, y el poder de nuestras mentes. El Telebiomagnetismo se experimenta en el espacio y el tiempo sin que el cliente y el terapeuta est\u00e9n en el mismo lugar. El tratamiento se realiza dentro de un Campo Cu\u00e1ntico, lo que permite que una sesi\u00f3n biomagn\u00e9tica se realice a distancia con resultados equivalentes y efectos sostenibles.<\/p><p>M\u00e1s all\u00e1 del Biomagnetismo, Gaya desarroll\u00f3 un m\u00e9todo para limpiar dentro de un Campo Cu\u00e1ntico los programas y recuerdos almacenados en nuestro ADN que nos atan al sufrimiento, los ciclos repetitivos, el trauma y los patrones t\u00f3xicos.<\/p>\t\t\t\t\t\t\t\t<\/div>\n\t\t\t\t<\/div>\n\t\t\t\t<\/div>\n\t\t\t\t\t<\/div>\n\t\t\t\t<\/div>\n\t\t<div class=\"elementor-element elementor-element-1d90b63 e-flex e-con-boxed e-con e-parent\" data-id=\"1d90b63\" data-element_type=\"container\" data-e-type=\"container\">\n\t\t\t\t\t<div class=\"e-con-inner\">\n\t\t<div class=\"elementor-element elementor-element-b51a178 e-con-full e-flex e-con e-child\" data-id=\"b51a178\" data-element_type=\"container\" data-e-type=\"container\">\n\t\t\t\t<div class=\"elementor-element elementor-element-334ac2a elementor-widget elementor-widget-text-editor\" data-id=\"334ac2a\" data-element_type=\"widget\" data-e-type=\"widget\" data-widget_type=\"text-editor.default\">\n\t\t\t\t<div class=\"elementor-widget-container\">\n\t\t\t\t\t\t\t\t\t<p><strong>Limpieza Cu\u00e1ntica: Creando Una Mejor Experiencia de Vida<\/strong><\/p><p>Imagina ir m\u00e1s all\u00e1 de los l\u00edmites de la sanaci\u00f3n convencional en donde la transformaci\u00f3n no solo es posible, sino inevitable. A trav\u00e9s de a\u00f1os de dedicaci\u00f3n, investigaci\u00f3n y gu\u00eda interior, Gaya creo Limpieza Cu\u00e1ntica: un m\u00e9todo transformador que aprovecha el potencial ilimitado de los campos cu\u00e1nticos a trav\u00e9s del tiempo y el espacio. Este proceso profundiza y borra dentro de tu ADN los programas, recuerdos y energ\u00edas\u2014personales y ancestrales\u2014que te han mantenido en ciclos de sufrimiento, autosaboteo y limitaci\u00f3n.<\/p><p>Mientras que las terapias convencionales que pueden tardar a\u00f1os en tener mayor efecto porque abordan la superficie de nuestras memorias, la Limpieza Cu\u00e1ntica accede la raiz. M\u00e1s del 90% de nuestra experiencia est\u00e1 formada por recuerdos inconscientes, no por lo que recordamos o razonamos. La verdadera libertad comienza cuando sanamos y eliminamos influencias ocultas, permitiendo que nuestra mente cambie r\u00e1pida y profundamente.<\/p><p>Quantum Cleansing is your invitation to break free from the patterns that have held you captive. Imagine walking lighter, living more happily, and experiencing lasting success. If you&#8217;ve received this message, consider it a sign: the universe is opening a door. The power to transform your life is in your hands. Take the leap, invite your evolution, and unlock the radiant future that awaits you.<\/p><p>Quantum Cleansing sessions are conducted remotely. Don&#8217;t wait: schedule your session today and begin your journey toward lasting change.<\/p>\t\t\t\t\t\t\t\t<\/div>\n\t\t\t\t<\/div>\n\t\t\t\t<\/div>\n\t\t\t\t<div class=\"elementor-element elementor-element-b891661 elementor-align-center elementor-widget elementor-widget-button\" data-id=\"b891661\" data-element_type=\"widget\" data-e-type=\"widget\" data-widget_type=\"button.default\">\n\t\t\t\t<div class=\"elementor-widget-container\">\n\t\t\t\t\t\t\t\t\t<div class=\"elementor-button-wrapper\">\n\t\t\t\t\t<a class=\"elementor-button elementor-button-link elementor-size-sm\" href=\"https:\/\/themagnetlady.net\/es\/reservaciones\/\">\n\t\t\t\t\t\t<span class=\"elementor-button-content-wrapper\">\n\t\t\t\t\t\t\t\t\t<span class=\"elementor-button-text\">Reserva tu sesi\u00f3n<\/span>\n\t\t\t\t\t<\/span>\n\t\t\t\t\t<\/a>\n\t\t\t\t<\/div>\n\t\t\t\t\t\t\t\t<\/div>\n\t\t\t\t<\/div>\n\t\t\t\t\t<\/div>\n\t\t\t\t<\/div>\n\t\t\t\t<\/div>","protected":false},"excerpt":{"rendered":"<p>Quantum Cleansing We are at a historic moment in which humanity is attempting to understand Quantum Mechanics and Quantum Fields. We have begun to understand that intention travels within a Quantum Field at a speed three times faster than the speed of light. Intention carries energy, as do all our [&hellip;]<\/p>\n","protected":false},"author":2,"featured_media":0,"parent":0,"menu_order":0,"comment_status":"closed","ping_status":"closed","template":"template-page.php","meta":{"_acf_changed":false,"nf_dc_page":"","om_disable_all_campaigns":false,"pagelayer_contact_templates":[],"_pagelayer_content":"","footnotes":""},"class_list":["post-391","page","type-page","status-publish","hentry"],"acf":[],"yoast_head":"<!-- This site is optimized with the Yoast SEO plugin v27.5 - https:\/\/yoast.com\/product\/yoast-seo-wordpress\/ -->\n<title>Limpieza Cu\u00e1ntica - Biomagnetism | The magnet lady<\/title>\n<meta name=\"robots\" content=\"index, follow, max-snippet:-1, max-image-preview:large, max-video-preview:-1\" \/>\n<link rel=\"canonical\" href=\"https:\/\/themagnetlady.net\/es\/limpieza-cuantica\/\" \/>\n<meta property=\"og:locale\" content=\"es_MX\" \/>\n<meta property=\"og:type\" content=\"article\" \/>\n<meta property=\"og:title\" content=\"Limpieza Cu\u00e1ntica - Biomagnetism | The magnet lady\" \/>\n<meta property=\"og:description\" content=\"Quantum Cleansing We are at a historic moment in which humanity is attempting to understand Quantum Mechanics and Quantum Fields. We have begun to understand that intention travels within a Quantum Field at a speed three times faster than the speed of light. Intention carries energy, as do all our [&hellip;]\" \/>\n<meta property=\"og:url\" content=\"https:\/\/themagnetlady.net\/es\/limpieza-cuantica\/\" \/>\n<meta property=\"og:site_name\" content=\"Biomagnetism | The magnet lady\" \/>\n<meta property=\"article:modified_time\" content=\"2026-02-19T17:44:52+00:00\" \/>\n<meta name=\"twitter:card\" content=\"summary_large_image\" \/>\n<meta name=\"twitter:label1\" content=\"Tiempo de lectura\" \/>\n\t<meta name=\"twitter:data1\" content=\"2 minutos\" \/>\n<script type=\"application\/ld+json\" class=\"yoast-schema-graph\">{\"@context\":\"https:\\\/\\\/schema.org\",\"@graph\":[{\"@type\":\"WebPage\",\"@id\":\"https:\\\/\\\/themagnetlady.net\\\/limpieza-cuantica\\\/\",\"url\":\"https:\\\/\\\/themagnetlady.net\\\/limpieza-cuantica\\\/\",\"name\":\"Limpieza Cu\u00e1ntica - Biomagnetism | The magnet lady\",\"isPartOf\":{\"@id\":\"https:\\\/\\\/themagnetlady.net\\\/#website\"},\"primaryImageOfPage\":{\"@id\":\"https:\\\/\\\/themagnetlady.net\\\/limpieza-cuantica\\\/#primaryimage\"},\"image\":{\"@id\":\"https:\\\/\\\/themagnetlady.net\\\/limpieza-cuantica\\\/#primaryimage\"},\"thumbnailUrl\":\"https:\\\/\\\/themagnetlady.net\\\/wp-content\\\/uploads\\\/2025\\\/09\\\/NZ6_9693.avif\",\"datePublished\":\"2025-09-15T23:33:04+00:00\",\"dateModified\":\"2026-02-19T17:44:52+00:00\",\"breadcrumb\":{\"@id\":\"https:\\\/\\\/themagnetlady.net\\\/limpieza-cuantica\\\/#breadcrumb\"},\"inLanguage\":\"es\",\"potentialAction\":[{\"@type\":\"ReadAction\",\"target\":[\"https:\\\/\\\/themagnetlady.net\\\/limpieza-cuantica\\\/\"]}]},{\"@type\":\"ImageObject\",\"inLanguage\":\"es\",\"@id\":\"https:\\\/\\\/themagnetlady.net\\\/limpieza-cuantica\\\/#primaryimage\",\"url\":\"https:\\\/\\\/themagnetlady.net\\\/wp-content\\\/uploads\\\/2025\\\/09\\\/NZ6_9693.avif\",\"contentUrl\":\"https:\\\/\\\/themagnetlady.net\\\/wp-content\\\/uploads\\\/2025\\\/09\\\/NZ6_9693.avif\"},{\"@type\":\"BreadcrumbList\",\"@id\":\"https:\\\/\\\/themagnetlady.net\\\/limpieza-cuantica\\\/#breadcrumb\",\"itemListElement\":[{\"@type\":\"ListItem\",\"position\":1,\"name\":\"Home\",\"item\":\"https:\\\/\\\/themagnetlady.net\\\/\"},{\"@type\":\"ListItem\",\"position\":2,\"name\":\"Limpieza Cu\u00e1ntica\"}]},{\"@type\":\"WebSite\",\"@id\":\"https:\\\/\\\/themagnetlady.net\\\/#website\",\"url\":\"https:\\\/\\\/themagnetlady.net\\\/\",\"name\":\"Biomagnetism | The magnet lady\",\"description\":\"My WordPress Blog\",\"potentialAction\":[{\"@type\":\"SearchAction\",\"target\":{\"@type\":\"EntryPoint\",\"urlTemplate\":\"https:\\\/\\\/themagnetlady.net\\\/?s={search_term_string}\"},\"query-input\":{\"@type\":\"PropertyValueSpecification\",\"valueRequired\":true,\"valueName\":\"search_term_string\"}}],\"inLanguage\":\"es\"}]}<\/script>\n<!-- \/ Yoast SEO plugin. -->","yoast_head_json":{"title":"Limpieza Cu\u00e1ntica - Biomagnetism | The magnet lady","robots":{"index":"index","follow":"follow","max-snippet":"max-snippet:-1","max-image-preview":"max-image-preview:large","max-video-preview":"max-video-preview:-1"},"canonical":"https:\/\/themagnetlady.net\/es\/limpieza-cuantica\/","og_locale":"es_MX","og_type":"article","og_title":"Limpieza Cu\u00e1ntica - Biomagnetism | The magnet lady","og_description":"Quantum Cleansing We are at a historic moment in which humanity is attempting to understand Quantum Mechanics and Quantum Fields. We have begun to understand that intention travels within a Quantum Field at a speed three times faster than the speed of light. Intention carries energy, as do all our [&hellip;]","og_url":"https:\/\/themagnetlady.net\/es\/limpieza-cuantica\/","og_site_name":"Biomagnetism | The magnet lady","article_modified_time":"2026-02-19T17:44:52+00:00","twitter_card":"summary_large_image","twitter_misc":{"Tiempo de lectura":"2 minutos"},"schema":{"@context":"https:\/\/schema.org","@graph":[{"@type":"WebPage","@id":"https:\/\/themagnetlady.net\/limpieza-cuantica\/","url":"https:\/\/themagnetlady.net\/limpieza-cuantica\/","name":"Limpieza Cu\u00e1ntica - Biomagnetism | The magnet lady","isPartOf":{"@id":"https:\/\/themagnetlady.net\/#website"},"primaryImageOfPage":{"@id":"https:\/\/themagnetlady.net\/limpieza-cuantica\/#primaryimage"},"image":{"@id":"https:\/\/themagnetlady.net\/limpieza-cuantica\/#primaryimage"},"thumbnailUrl":"https:\/\/themagnetlady.net\/wp-content\/uploads\/2025\/09\/NZ6_9693.avif","datePublished":"2025-09-15T23:33:04+00:00","dateModified":"2026-02-19T17:44:52+00:00","breadcrumb":{"@id":"https:\/\/themagnetlady.net\/limpieza-cuantica\/#breadcrumb"},"inLanguage":"es","potentialAction":[{"@type":"ReadAction","target":["https:\/\/themagnetlady.net\/limpieza-cuantica\/"]}]},{"@type":"ImageObject","inLanguage":"es","@id":"https:\/\/themagnetlady.net\/limpieza-cuantica\/#primaryimage","url":"https:\/\/themagnetlady.net\/wp-content\/uploads\/2025\/09\/NZ6_9693.avif","contentUrl":"https:\/\/themagnetlady.net\/wp-content\/uploads\/2025\/09\/NZ6_9693.avif"},{"@type":"BreadcrumbList","@id":"https:\/\/themagnetlady.net\/limpieza-cuantica\/#breadcrumb","itemListElement":[{"@type":"ListItem","position":1,"name":"Home","item":"https:\/\/themagnetlady.net\/"},{"@type":"ListItem","position":2,"name":"Limpieza Cu\u00e1ntica"}]},{"@type":"WebSite","@id":"https:\/\/themagnetlady.net\/#website","url":"https:\/\/themagnetlady.net\/","name":"Biomagnetism | The magnet lady","description":"My WordPress Blog","potentialAction":[{"@type":"SearchAction","target":{"@type":"EntryPoint","urlTemplate":"https:\/\/themagnetlady.net\/?s={search_term_string}"},"query-input":{"@type":"PropertyValueSpecification","valueRequired":true,"valueName":"search_term_string"}}],"inLanguage":"es"}]}},"jetpack_sharing_enabled":true,"_links":{"self":[{"href":"https:\/\/themagnetlady.net\/es\/wp-json\/wp\/v2\/pages\/391","targetHints":{"allow":["GET"]}}],"collection":[{"href":"https:\/\/themagnetlady.net\/es\/wp-json\/wp\/v2\/pages"}],"about":[{"href":"https:\/\/themagnetlady.net\/es\/wp-json\/wp\/v2\/types\/page"}],"author":[{"embeddable":true,"href":"https:\/\/themagnetlady.net\/es\/wp-json\/wp\/v2\/users\/2"}],"replies":[{"embeddable":true,"href":"https:\/\/themagnetlady.net\/es\/wp-json\/wp\/v2\/comments?post=391"}],"version-history":[{"count":5,"href":"https:\/\/themagnetlady.net\/es\/wp-json\/wp\/v2\/pages\/391\/revisions"}],"predecessor-version":[{"id":1355,"href":"https:\/\/themagnetlady.net\/es\/wp-json\/wp\/v2\/pages\/391\/revisions\/1355"}],"wp:attachment":[{"href":"https:\/\/themagnetlady.net\/es\/wp-json\/wp\/v2\/media?parent=391"}],"curies":[{"name":"wp","href":"https:\/\/api.w.org\/{rel}","templated":true}]}}