{"id":169,"date":"2025-04-28T22:53:17","date_gmt":"2025-04-28T22:53:17","guid":{"rendered":"https:\/\/themagnetlady.4cimaslabdigital.mx\/?post_type=product&#038;p=169"},"modified":"2026-02-19T19:16:40","modified_gmt":"2026-02-19T19:16:40","slug":"iman-de-doble-polaridad-pequeno","status":"publish","type":"product","link":"https:\/\/themagnetlady.net\/es\/producto\/iman-de-doble-polaridad-pequeno\/","title":{"rendered":"Im\u00e1n doble polaridad peque\u00f1o"},"content":{"rendered":"<p>Aplique f\u00e1cilmente ambas polaridades en \u00e1reas como la cara, las manos, los dedos, el cuello, la tiroides o en ni\u00f1os o mascotas con este peque\u00f1o producto que contiene dos im\u00e1nes de neodimio lado a lado para aplicar en simultaneo dobles polaridades.<\/p>\n<p>Ambas polaridades en cada lado facilitan la aplicaci\u00f3n y equilibran el pH en cualquier \u00e1rea.<\/p>\n<p>Wrapped in leather for durability. The product measures 2&#8243; x 1&#8243;. Each magnet measures 1&#8243; x 1&#8243; with a strength of N42 and 4000 gauss per piece.<\/p>\n<p>Costo $32 USD<\/p>\n<p>Costo no incluye env\u00edo<\/p>","protected":false},"excerpt":{"rendered":"<p>Easily apply both polarities to areas such as the face, hands, fingers, neck, thyroid, or to children or pets with this small product containing two side-by-side neodymium magnets for simultaneous application of dual polarities. Both polarities on each side facilitate application and balance the pH in any area. Wrapped in [&hellip;]<\/p>\n","protected":false},"featured_media":929,"comment_status":"open","ping_status":"closed","template":"","meta":{"_acf_changed":false,"nf_dc_page":"","om_disable_all_campaigns":false,"pagelayer_contact_templates":[],"_pagelayer_content":""},"product_brand":[],"product_cat":[21],"product_tag":[],"mwb_booking_cost":[],"mwb_booking_service":[],"class_list":{"0":"post-169","1":"product","2":"type-product","3":"status-publish","4":"has-post-thumbnail","6":"product_cat-imanes","8":"first","9":"instock","10":"shipping-taxable","11":"purchasable","12":"product-type-simple"},"acf":[],"yoast_head":"<!-- This site is optimized with the Yoast SEO plugin v27.5 - https:\/\/yoast.com\/product\/yoast-seo-wordpress\/ -->\n<title>Small double polarity magnet - Biomagnetism | The magnet lady<\/title>\n<meta name=\"robots\" content=\"index, follow, max-snippet:-1, max-image-preview:large, max-video-preview:-1\" \/>\n<link rel=\"canonical\" href=\"https:\/\/themagnetlady.net\/es\/producto\/iman-de-doble-polaridad-pequeno\/\" \/>\n<meta property=\"og:locale\" content=\"es_MX\" \/>\n<meta property=\"og:type\" content=\"article\" \/>\n<meta property=\"og:title\" content=\"Small double polarity magnet - Biomagnetism | The magnet lady\" \/>\n<meta property=\"og:description\" content=\"Easily apply both polarities to areas such as the face, hands, fingers, neck, thyroid, or to children or pets with this small product containing two side-by-side neodymium magnets for simultaneous application of dual polarities. Both polarities on each side facilitate application and balance the pH in any area. Wrapped in [&hellip;]\" \/>\n<meta property=\"og:url\" content=\"https:\/\/themagnetlady.net\/es\/producto\/iman-de-doble-polaridad-pequeno\/\" \/>\n<meta property=\"og:site_name\" content=\"Biomagnetism | The magnet lady\" \/>\n<meta property=\"article:modified_time\" content=\"2026-02-19T19:16:40+00:00\" \/>\n<meta property=\"og:image\" content=\"https:\/\/themagnetlady.net\/wp-content\/uploads\/2025\/04\/small-double-scaled.jpg\" \/>\n\t<meta property=\"og:image:width\" content=\"2560\" \/>\n\t<meta property=\"og:image:height\" content=\"2560\" \/>\n\t<meta property=\"og:image:type\" content=\"image\/jpeg\" \/>\n<meta name=\"twitter:card\" content=\"summary_large_image\" \/>\n<meta name=\"twitter:label1\" content=\"Tiempo de lectura\" \/>\n\t<meta name=\"twitter:data1\" content=\"1 minuto\" \/>\n<script type=\"application\/ld+json\" class=\"yoast-schema-graph\">{\"@context\":\"https:\\\/\\\/schema.org\",\"@graph\":[{\"@type\":\"WebPage\",\"@id\":\"https:\\\/\\\/themagnetlady.net\\\/product\\\/iman-de-doble-polaridad-pequeno\\\/\",\"url\":\"https:\\\/\\\/themagnetlady.net\\\/product\\\/iman-de-doble-polaridad-pequeno\\\/\",\"name\":\"Small double polarity magnet - Biomagnetism | The magnet lady\",\"isPartOf\":{\"@id\":\"https:\\\/\\\/themagnetlady.net\\\/#website\"},\"primaryImageOfPage\":{\"@id\":\"https:\\\/\\\/themagnetlady.net\\\/product\\\/iman-de-doble-polaridad-pequeno\\\/#primaryimage\"},\"image\":{\"@id\":\"https:\\\/\\\/themagnetlady.net\\\/product\\\/iman-de-doble-polaridad-pequeno\\\/#primaryimage\"},\"thumbnailUrl\":\"https:\\\/\\\/i0.wp.com\\\/themagnetlady.net\\\/wp-content\\\/uploads\\\/2025\\\/04\\\/small-double-scaled.jpg?fit=2560%2C2560&ssl=1\",\"datePublished\":\"2025-04-28T22:53:17+00:00\",\"dateModified\":\"2026-02-19T19:16:40+00:00\",\"breadcrumb\":{\"@id\":\"https:\\\/\\\/themagnetlady.net\\\/product\\\/iman-de-doble-polaridad-pequeno\\\/#breadcrumb\"},\"inLanguage\":\"es\",\"potentialAction\":[{\"@type\":\"ReadAction\",\"target\":[\"https:\\\/\\\/themagnetlady.net\\\/product\\\/iman-de-doble-polaridad-pequeno\\\/\"]}]},{\"@type\":\"ImageObject\",\"inLanguage\":\"es\",\"@id\":\"https:\\\/\\\/themagnetlady.net\\\/product\\\/iman-de-doble-polaridad-pequeno\\\/#primaryimage\",\"url\":\"https:\\\/\\\/i0.wp.com\\\/themagnetlady.net\\\/wp-content\\\/uploads\\\/2025\\\/04\\\/small-double-scaled.jpg?fit=2560%2C2560&ssl=1\",\"contentUrl\":\"https:\\\/\\\/i0.wp.com\\\/themagnetlady.net\\\/wp-content\\\/uploads\\\/2025\\\/04\\\/small-double-scaled.jpg?fit=2560%2C2560&ssl=1\",\"width\":2560,\"height\":2560},{\"@type\":\"BreadcrumbList\",\"@id\":\"https:\\\/\\\/themagnetlady.net\\\/product\\\/iman-de-doble-polaridad-pequeno\\\/#breadcrumb\",\"itemListElement\":[{\"@type\":\"ListItem\",\"position\":1,\"name\":\"Home\",\"item\":\"https:\\\/\\\/themagnetlady.net\\\/\"},{\"@type\":\"ListItem\",\"position\":2,\"name\":\"Small double polarity magnet\"}]},{\"@type\":\"WebSite\",\"@id\":\"https:\\\/\\\/themagnetlady.net\\\/#website\",\"url\":\"https:\\\/\\\/themagnetlady.net\\\/\",\"name\":\"Biomagnetism | The magnet lady\",\"description\":\"My WordPress Blog\",\"potentialAction\":[{\"@type\":\"SearchAction\",\"target\":{\"@type\":\"EntryPoint\",\"urlTemplate\":\"https:\\\/\\\/themagnetlady.net\\\/?s={search_term_string}\"},\"query-input\":{\"@type\":\"PropertyValueSpecification\",\"valueRequired\":true,\"valueName\":\"search_term_string\"}}],\"inLanguage\":\"es\"}]}<\/script>\n<!-- \/ Yoast SEO plugin. -->","yoast_head_json":{"title":"Small double polarity magnet - Biomagnetism | The magnet lady","robots":{"index":"index","follow":"follow","max-snippet":"max-snippet:-1","max-image-preview":"max-image-preview:large","max-video-preview":"max-video-preview:-1"},"canonical":"https:\/\/themagnetlady.net\/es\/producto\/iman-de-doble-polaridad-pequeno\/","og_locale":"es_MX","og_type":"article","og_title":"Small double polarity magnet - Biomagnetism | The magnet lady","og_description":"Easily apply both polarities to areas such as the face, hands, fingers, neck, thyroid, or to children or pets with this small product containing two side-by-side neodymium magnets for simultaneous application of dual polarities. Both polarities on each side facilitate application and balance the pH in any area. Wrapped in [&hellip;]","og_url":"https:\/\/themagnetlady.net\/es\/producto\/iman-de-doble-polaridad-pequeno\/","og_site_name":"Biomagnetism | The magnet lady","article_modified_time":"2026-02-19T19:16:40+00:00","og_image":[{"width":2560,"height":2560,"url":"https:\/\/themagnetlady.net\/wp-content\/uploads\/2025\/04\/small-double-scaled.jpg","type":"image\/jpeg"}],"twitter_card":"summary_large_image","twitter_misc":{"Tiempo de lectura":"1 minuto"},"schema":{"@context":"https:\/\/schema.org","@graph":[{"@type":"WebPage","@id":"https:\/\/themagnetlady.net\/product\/iman-de-doble-polaridad-pequeno\/","url":"https:\/\/themagnetlady.net\/product\/iman-de-doble-polaridad-pequeno\/","name":"Small double polarity magnet - Biomagnetism | The magnet lady","isPartOf":{"@id":"https:\/\/themagnetlady.net\/#website"},"primaryImageOfPage":{"@id":"https:\/\/themagnetlady.net\/product\/iman-de-doble-polaridad-pequeno\/#primaryimage"},"image":{"@id":"https:\/\/themagnetlady.net\/product\/iman-de-doble-polaridad-pequeno\/#primaryimage"},"thumbnailUrl":"https:\/\/i0.wp.com\/themagnetlady.net\/wp-content\/uploads\/2025\/04\/small-double-scaled.jpg?fit=2560%2C2560&ssl=1","datePublished":"2025-04-28T22:53:17+00:00","dateModified":"2026-02-19T19:16:40+00:00","breadcrumb":{"@id":"https:\/\/themagnetlady.net\/product\/iman-de-doble-polaridad-pequeno\/#breadcrumb"},"inLanguage":"es","potentialAction":[{"@type":"ReadAction","target":["https:\/\/themagnetlady.net\/product\/iman-de-doble-polaridad-pequeno\/"]}]},{"@type":"ImageObject","inLanguage":"es","@id":"https:\/\/themagnetlady.net\/product\/iman-de-doble-polaridad-pequeno\/#primaryimage","url":"https:\/\/i0.wp.com\/themagnetlady.net\/wp-content\/uploads\/2025\/04\/small-double-scaled.jpg?fit=2560%2C2560&ssl=1","contentUrl":"https:\/\/i0.wp.com\/themagnetlady.net\/wp-content\/uploads\/2025\/04\/small-double-scaled.jpg?fit=2560%2C2560&ssl=1","width":2560,"height":2560},{"@type":"BreadcrumbList","@id":"https:\/\/themagnetlady.net\/product\/iman-de-doble-polaridad-pequeno\/#breadcrumb","itemListElement":[{"@type":"ListItem","position":1,"name":"Home","item":"https:\/\/themagnetlady.net\/"},{"@type":"ListItem","position":2,"name":"Small double polarity magnet"}]},{"@type":"WebSite","@id":"https:\/\/themagnetlady.net\/#website","url":"https:\/\/themagnetlady.net\/","name":"Biomagnetism | The magnet lady","description":"My WordPress Blog","potentialAction":[{"@type":"SearchAction","target":{"@type":"EntryPoint","urlTemplate":"https:\/\/themagnetlady.net\/?s={search_term_string}"},"query-input":{"@type":"PropertyValueSpecification","valueRequired":true,"valueName":"search_term_string"}}],"inLanguage":"es"}]}},"jetpack_sharing_enabled":true,"_links":{"self":[{"href":"https:\/\/themagnetlady.net\/es\/wp-json\/wp\/v2\/product\/169","targetHints":{"allow":["GET"]}}],"collection":[{"href":"https:\/\/themagnetlady.net\/es\/wp-json\/wp\/v2\/product"}],"about":[{"href":"https:\/\/themagnetlady.net\/es\/wp-json\/wp\/v2\/types\/product"}],"replies":[{"embeddable":true,"href":"https:\/\/themagnetlady.net\/es\/wp-json\/wp\/v2\/comments?post=169"}],"wp:featuredmedia":[{"embeddable":true,"href":"https:\/\/themagnetlady.net\/es\/wp-json\/wp\/v2\/media\/929"}],"wp:attachment":[{"href":"https:\/\/themagnetlady.net\/es\/wp-json\/wp\/v2\/media?parent=169"}],"wp:term":[{"taxonomy":"product_brand","embeddable":true,"href":"https:\/\/themagnetlady.net\/es\/wp-json\/wp\/v2\/product_brand?post=169"},{"taxonomy":"product_cat","embeddable":true,"href":"https:\/\/themagnetlady.net\/es\/wp-json\/wp\/v2\/product_cat?post=169"},{"taxonomy":"product_tag","embeddable":true,"href":"https:\/\/themagnetlady.net\/es\/wp-json\/wp\/v2\/product_tag?post=169"},{"taxonomy":"mwb_booking_cost","embeddable":true,"href":"https:\/\/themagnetlady.net\/es\/wp-json\/wp\/v2\/mwb_booking_cost?post=169"},{"taxonomy":"mwb_booking_service","embeddable":true,"href":"https:\/\/themagnetlady.net\/es\/wp-json\/wp\/v2\/mwb_booking_service?post=169"}],"curies":[{"name":"wp","href":"https:\/\/api.w.org\/{rel}","templated":true}]}}